{"id":18703,"date":"2025-10-08T08:14:38","date_gmt":"2025-10-08T05:14:38","guid":{"rendered":"https:\/\/avantimusic.fi\/?page_id=18703"},"modified":"2025-10-09T16:42:29","modified_gmt":"2025-10-09T13:42:29","slug":"klubb-3","status":"publish","type":"page","link":"https:\/\/avantimusic.fi\/sv\/klubb-3\/","title":{"rendered":"Klubb"},"content":{"rendered":"\t\t<div data-elementor-type=\"wp-page\" data-elementor-id=\"18703\" class=\"elementor elementor-18703 elementor-18701\" data-elementor-post-type=\"page\">\n\t\t\t\t\t\t<section class=\"elementor-section elementor-top-section elementor-element elementor-element-6c4fabf elementor-section-height-min-height elementor-section-boxed elementor-section-height-default elementor-section-items-middle\" data-id=\"6c4fabf\" data-element_type=\"section\" data-e-type=\"section\" data-settings=\"{&quot;background_background&quot;:&quot;slideshow&quot;,&quot;background_slideshow_gallery&quot;:[{&quot;id&quot;:18757,&quot;url&quot;:&quot;https:\\\/\\\/avantimusic.fi\\\/wp-content\\\/uploads\\\/2025\\\/10\\\/Avanti_syyskuu_kaapeli-7.gif&quot;}],&quot;background_slideshow_slide_duration&quot;:4000,&quot;jet_parallax_layout_list&quot;:[],&quot;background_slideshow_loop&quot;:&quot;yes&quot;,&quot;background_slideshow_slide_transition&quot;:&quot;fade&quot;,&quot;background_slideshow_transition_duration&quot;:500}\">\n\t\t\t\t\t\t<div class=\"elementor-container elementor-column-gap-default\">\n\t\t\t\t\t<div class=\"elementor-column elementor-col-100 elementor-top-column elementor-element elementor-element-8c4110a\" data-id=\"8c4110a\" data-element_type=\"column\" data-e-type=\"column\" data-settings=\"{&quot;background_background&quot;:&quot;classic&quot;}\">\n\t\t\t<div class=\"elementor-widget-wrap elementor-element-populated\">\n\t\t\t\t\t\t<div class=\"elementor-element elementor-element-1aff4c80 elementor-widget elementor-widget-heading\" data-id=\"1aff4c80\" data-element_type=\"widget\" data-e-type=\"widget\" data-widget_type=\"heading.default\">\n\t\t\t\t<div class=\"elementor-widget-container\">\n\t\t\t\t\t<h1 class=\"elementor-heading-title elementor-size-default\">Klubb<\/h1>\t\t\t\t<\/div>\n\t\t\t\t<\/div>\n\t\t\t\t\t<\/div>\n\t\t<\/div>\n\t\t\t\t\t<\/div>\n\t\t<\/section>\n\t\t\t\t<section class=\"elementor-section elementor-top-section elementor-element elementor-element-dc5a334 elementor-section-boxed elementor-section-height-default elementor-section-height-default\" data-id=\"dc5a334\" data-element_type=\"section\" data-e-type=\"section\" data-settings=\"{&quot;jet_parallax_layout_list&quot;:[]}\">\n\t\t\t\t\t\t<div class=\"elementor-container elementor-column-gap-default\">\n\t\t\t\t\t<div class=\"elementor-column elementor-col-100 elementor-top-column elementor-element elementor-element-b61365c\" data-id=\"b61365c\" data-element_type=\"column\" data-e-type=\"column\">\n\t\t\t<div class=\"elementor-widget-wrap elementor-element-populated\">\n\t\t\t\t\t\t<div class=\"elementor-element elementor-element-9b4a1f7 elementor-widget elementor-widget-spacer\" data-id=\"9b4a1f7\" data-element_type=\"widget\" data-e-type=\"widget\" data-widget_type=\"spacer.default\">\n\t\t\t\t<div class=\"elementor-widget-container\">\n\t\t\t\t\t\t\t<div class=\"elementor-spacer\">\n\t\t\t<div class=\"elementor-spacer-inner\"><\/div>\n\t\t<\/div>\n\t\t\t\t\t\t<\/div>\n\t\t\t\t<\/div>\n\t\t\t\t<div class=\"elementor-element elementor-element-e11c75a elementor-widget elementor-widget-heading\" data-id=\"e11c75a\" data-element_type=\"widget\" data-e-type=\"widget\" data-widget_type=\"heading.default\">\n\t\t\t\t<div class=\"elementor-widget-container\">\n\t\t\t\t\t<h2 class=\"elementor-heading-title elementor-size-default\">LIPUNMYYNTI-INFO<\/h2>\t\t\t\t<\/div>\n\t\t\t\t<\/div>\n\t\t\t\t<div class=\"elementor-element elementor-element-114825a elementor-widget elementor-widget-spacer\" data-id=\"114825a\" data-element_type=\"widget\" data-e-type=\"widget\" data-widget_type=\"spacer.default\">\n\t\t\t\t<div class=\"elementor-widget-container\">\n\t\t\t\t\t\t\t<div class=\"elementor-spacer\">\n\t\t\t<div class=\"elementor-spacer-inner\"><\/div>\n\t\t<\/div>\n\t\t\t\t\t\t<\/div>\n\t\t\t\t<\/div>\n\t\t\t\t<div class=\"elementor-element elementor-element-4349ad4 elementor-widget elementor-widget-text-editor\" data-id=\"4349ad4\" data-element_type=\"widget\" data-e-type=\"widget\" data-widget_type=\"text-editor.default\">\n\t\t\t\t<div class=\"elementor-widget-container\">\n\t\t\t\t\t\t\t\t\t<p>I Avants klubbserie har varje kv\u00e4ll en ny designer &#8211; de ser ut som sina designers och ingen \u00e4r den andra lik.  <\/p><p>V\u00e4lj din favoritgodis eller alla i din v\u00e4ska. V\u00e4lkommen att njuta av okomplicerade och omedelbara klubbkv\u00e4llar i en atmosf\u00e4risk fabriksmilj\u00f6!<\/p>\t\t\t\t\t\t\t\t<\/div>\n\t\t\t\t<\/div>\n\t\t\t\t<div class=\"elementor-element elementor-element-7d82c00 elementor-widget elementor-widget-spacer\" data-id=\"7d82c00\" data-element_type=\"widget\" data-e-type=\"widget\" data-widget_type=\"spacer.default\">\n\t\t\t\t<div class=\"elementor-widget-container\">\n\t\t\t\t\t\t\t<div class=\"elementor-spacer\">\n\t\t\t<div class=\"elementor-spacer-inner\"><\/div>\n\t\t<\/div>\n\t\t\t\t\t\t<\/div>\n\t\t\t\t<\/div>\n\t\t\t\t\t<\/div>\n\t\t<\/div>\n\t\t\t\t\t<\/div>\n\t\t<\/section>\n\t\t\t\t<\/div>\n\t\t","protected":false},"excerpt":{"rendered":"<p>Klubb LIPUNMYYNTI-INFO I Avants klubbserie har varje kv\u00e4ll en ny designer &#8211; de ser ut som sina designers och ingen \u00e4r den andra lik. V\u00e4lj din favoritgodis eller alla i din v\u00e4ska. V\u00e4lkommen att njuta av okomplicerade och omedelbara klubbkv\u00e4llar i en atmosf\u00e4risk fabriksmilj\u00f6!<\/p>\n","protected":false},"author":1,"featured_media":0,"parent":0,"menu_order":0,"comment_status":"closed","ping_status":"closed","template":"full-width.php","meta":{"_acf_changed":false,"footnotes":""},"class_list":["post-18703","page","type-page","status-publish","hentry"],"acf":[],"yoast_head":"<!-- This site is optimized with the Yoast SEO plugin v27.4 - https:\/\/yoast.com\/product\/yoast-seo-wordpress\/ -->\n<title>Avanti Club | Kammarorkestern Avanti!<\/title>\n<meta name=\"description\" content=\"Varje kv\u00e4ll i Avants klubbserie presenteras en ny designer. Kom och njut av klubbkv\u00e4llar i en st\u00e4mningsfull fabriksmilj\u00f6!\" \/>\n<meta name=\"robots\" content=\"index, follow, max-snippet:-1, max-image-preview:large, max-video-preview:-1\" \/>\n<link rel=\"canonical\" href=\"https:\/\/avantimusic.fi\/sv\/klubb-3\/\" \/>\n<meta property=\"og:locale\" content=\"sv_SE\" \/>\n<meta property=\"og:type\" content=\"article\" \/>\n<meta property=\"og:title\" content=\"Avanti Club | Kammarorkestern Avanti!\" \/>\n<meta property=\"og:description\" content=\"Varje kv\u00e4ll i Avants klubbserie presenteras en ny designer. Kom och njut av klubbkv\u00e4llar i en st\u00e4mningsfull fabriksmilj\u00f6!\" \/>\n<meta property=\"og:url\" content=\"https:\/\/avantimusic.fi\/sv\/klubb-3\/\" \/>\n<meta property=\"og:site_name\" content=\"Kamariorkesteri Avanti!\" \/>\n<meta property=\"article:modified_time\" content=\"2025-10-09T13:42:29+00:00\" \/>\n<meta property=\"og:image\" content=\"https:\/\/avantimusic.fi\/wp-content\/uploads\/2019\/08\/AVANTIcolor90.jpg\" \/>\n\t<meta property=\"og:image:width\" content=\"1920\" \/>\n\t<meta property=\"og:image:height\" content=\"1047\" \/>\n\t<meta property=\"og:image:type\" content=\"image\/jpeg\" \/>\n<meta name=\"twitter:card\" content=\"summary_large_image\" \/>\n<meta name=\"twitter:label1\" content=\"Ber\u00e4knad l\u00e4stid\" \/>\n\t<meta name=\"twitter:data1\" content=\"1 minut\" \/>\n<script type=\"application\/ld+json\" class=\"yoast-schema-graph\">{\"@context\":\"https:\\\/\\\/schema.org\",\"@graph\":[{\"@type\":\"WebPage\",\"@id\":\"https:\\\/\\\/avantimusic.fi\\\/sv\\\/klubb-3\\\/\",\"url\":\"https:\\\/\\\/avantimusic.fi\\\/sv\\\/klubb-3\\\/\",\"name\":\"Avanti Club | Kammarorkestern Avanti!\",\"isPartOf\":{\"@id\":\"https:\\\/\\\/avantimusic.fi\\\/sv\\\/#website\"},\"datePublished\":\"2025-10-08T05:14:38+00:00\",\"dateModified\":\"2025-10-09T13:42:29+00:00\",\"description\":\"Varje kv\u00e4ll i Avants klubbserie presenteras en ny designer. Kom och njut av klubbkv\u00e4llar i en st\u00e4mningsfull fabriksmilj\u00f6!\",\"breadcrumb\":{\"@id\":\"https:\\\/\\\/avantimusic.fi\\\/sv\\\/klubb-3\\\/#breadcrumb\"},\"inLanguage\":\"sv-SE\",\"potentialAction\":[{\"@type\":\"ReadAction\",\"target\":[\"https:\\\/\\\/avantimusic.fi\\\/sv\\\/klubb-3\\\/\"]}]},{\"@type\":\"BreadcrumbList\",\"@id\":\"https:\\\/\\\/avantimusic.fi\\\/sv\\\/klubb-3\\\/#breadcrumb\",\"itemListElement\":[{\"@type\":\"ListItem\",\"position\":1,\"name\":\"Hem\",\"item\":\"https:\\\/\\\/avantimusic.fi\\\/sv\\\/\"},{\"@type\":\"ListItem\",\"position\":2,\"name\":\"Klubb\"}]},{\"@type\":\"WebSite\",\"@id\":\"https:\\\/\\\/avantimusic.fi\\\/sv\\\/#website\",\"url\":\"https:\\\/\\\/avantimusic.fi\\\/sv\\\/\",\"name\":\"Kamariorkesteri Avanti!\",\"description\":\"Virallinen sivusto\",\"potentialAction\":[{\"@type\":\"SearchAction\",\"target\":{\"@type\":\"EntryPoint\",\"urlTemplate\":\"https:\\\/\\\/avantimusic.fi\\\/sv\\\/?s={search_term_string}\"},\"query-input\":{\"@type\":\"PropertyValueSpecification\",\"valueRequired\":true,\"valueName\":\"search_term_string\"}}],\"inLanguage\":\"sv-SE\"}]}<\/script>\n<!-- \/ Yoast SEO plugin. -->","yoast_head_json":{"title":"Avanti Club | Kammarorkestern Avanti!","description":"Varje kv\u00e4ll i Avants klubbserie presenteras en ny designer. Kom och njut av klubbkv\u00e4llar i en st\u00e4mningsfull fabriksmilj\u00f6!","robots":{"index":"index","follow":"follow","max-snippet":"max-snippet:-1","max-image-preview":"max-image-preview:large","max-video-preview":"max-video-preview:-1"},"canonical":"https:\/\/avantimusic.fi\/sv\/klubb-3\/","og_locale":"sv_SE","og_type":"article","og_title":"Avanti Club | Kammarorkestern Avanti!","og_description":"Varje kv\u00e4ll i Avants klubbserie presenteras en ny designer. Kom och njut av klubbkv\u00e4llar i en st\u00e4mningsfull fabriksmilj\u00f6!","og_url":"https:\/\/avantimusic.fi\/sv\/klubb-3\/","og_site_name":"Kamariorkesteri Avanti!","article_modified_time":"2025-10-09T13:42:29+00:00","og_image":[{"width":1920,"height":1047,"url":"https:\/\/avantimusic.fi\/wp-content\/uploads\/2019\/08\/AVANTIcolor90.jpg","type":"image\/jpeg"}],"twitter_card":"summary_large_image","twitter_misc":{"Ber\u00e4knad l\u00e4stid":"1 minut"},"schema":{"@context":"https:\/\/schema.org","@graph":[{"@type":"WebPage","@id":"https:\/\/avantimusic.fi\/sv\/klubb-3\/","url":"https:\/\/avantimusic.fi\/sv\/klubb-3\/","name":"Avanti Club | Kammarorkestern Avanti!","isPartOf":{"@id":"https:\/\/avantimusic.fi\/sv\/#website"},"datePublished":"2025-10-08T05:14:38+00:00","dateModified":"2025-10-09T13:42:29+00:00","description":"Varje kv\u00e4ll i Avants klubbserie presenteras en ny designer. Kom och njut av klubbkv\u00e4llar i en st\u00e4mningsfull fabriksmilj\u00f6!","breadcrumb":{"@id":"https:\/\/avantimusic.fi\/sv\/klubb-3\/#breadcrumb"},"inLanguage":"sv-SE","potentialAction":[{"@type":"ReadAction","target":["https:\/\/avantimusic.fi\/sv\/klubb-3\/"]}]},{"@type":"BreadcrumbList","@id":"https:\/\/avantimusic.fi\/sv\/klubb-3\/#breadcrumb","itemListElement":[{"@type":"ListItem","position":1,"name":"Hem","item":"https:\/\/avantimusic.fi\/sv\/"},{"@type":"ListItem","position":2,"name":"Klubb"}]},{"@type":"WebSite","@id":"https:\/\/avantimusic.fi\/sv\/#website","url":"https:\/\/avantimusic.fi\/sv\/","name":"Kamariorkesteri Avanti!","description":"Virallinen sivusto","potentialAction":[{"@type":"SearchAction","target":{"@type":"EntryPoint","urlTemplate":"https:\/\/avantimusic.fi\/sv\/?s={search_term_string}"},"query-input":{"@type":"PropertyValueSpecification","valueRequired":true,"valueName":"search_term_string"}}],"inLanguage":"sv-SE"}]}},"publishpress_future_action":{"enabled":false,"date":"2026-04-24 14:26:53","action":"change-status","newStatus":"draft","terms":[],"taxonomy":"translation_priority","extraData":[]},"publishpress_future_workflow_manual_trigger":{"enabledWorkflows":[]},"_links":{"self":[{"href":"https:\/\/avantimusic.fi\/sv\/wp-json\/wp\/v2\/pages\/18703","targetHints":{"allow":["GET"]}}],"collection":[{"href":"https:\/\/avantimusic.fi\/sv\/wp-json\/wp\/v2\/pages"}],"about":[{"href":"https:\/\/avantimusic.fi\/sv\/wp-json\/wp\/v2\/types\/page"}],"author":[{"embeddable":true,"href":"https:\/\/avantimusic.fi\/sv\/wp-json\/wp\/v2\/users\/1"}],"replies":[{"embeddable":true,"href":"https:\/\/avantimusic.fi\/sv\/wp-json\/wp\/v2\/comments?post=18703"}],"version-history":[{"count":3,"href":"https:\/\/avantimusic.fi\/sv\/wp-json\/wp\/v2\/pages\/18703\/revisions"}],"predecessor-version":[{"id":18801,"href":"https:\/\/avantimusic.fi\/sv\/wp-json\/wp\/v2\/pages\/18703\/revisions\/18801"}],"wp:attachment":[{"href":"https:\/\/avantimusic.fi\/sv\/wp-json\/wp\/v2\/media?parent=18703"}],"curies":[{"name":"wp","href":"https:\/\/api.w.org\/{rel}","templated":true}]}}