{"id":15088,"date":"2025-05-21T11:06:27","date_gmt":"2025-05-21T08:06:27","guid":{"rendered":"https:\/\/avantimusic.fi\/smaku\/"},"modified":"2025-06-09T10:13:25","modified_gmt":"2025-06-09T07:13:25","slug":"smaku","status":"publish","type":"page","link":"https:\/\/avantimusic.fi\/sv\/smaku\/","title":{"rendered":"SMAKU"},"content":{"rendered":"\t\t<div data-elementor-type=\"wp-page\" data-elementor-id=\"15088\" class=\"elementor elementor-15088 elementor-13495\" data-elementor-post-type=\"page\">\n\t\t\t\t\t\t<section class=\"elementor-section elementor-top-section elementor-element elementor-element-6c4fabf elementor-section-height-min-height elementor-section-boxed elementor-section-height-default elementor-section-items-middle\" data-id=\"6c4fabf\" data-element_type=\"section\" data-e-type=\"section\" data-settings=\"{&quot;background_background&quot;:&quot;slideshow&quot;,&quot;background_slideshow_gallery&quot;:[{&quot;id&quot;:14948,&quot;url&quot;:&quot;https:\\\/\\\/avantimusic.fi\\\/wp-content\\\/uploads\\\/2025\\\/05\\\/Nimeton-malli-1.png&quot;}],&quot;background_slideshow_slide_duration&quot;:4000,&quot;jet_parallax_layout_list&quot;:[],&quot;shape_divider_bottom&quot;:&quot;triangle&quot;,&quot;shape_divider_bottom_negative&quot;:&quot;yes&quot;,&quot;background_slideshow_loop&quot;:&quot;yes&quot;,&quot;background_slideshow_slide_transition&quot;:&quot;fade&quot;,&quot;background_slideshow_transition_duration&quot;:500}\">\n\t\t\t\t\t<div class=\"elementor-shape elementor-shape-bottom\" aria-hidden=\"true\" data-negative=\"true\">\n\t\t\t<svg xmlns=\"http:\/\/www.w3.org\/2000\/svg\" viewBox=\"0 0 1000 100\" preserveAspectRatio=\"none\">\n\t<path class=\"elementor-shape-fill\" d=\"M500.2,94.7L0,0v100h1000V0L500.2,94.7z\"\/>\n<\/svg>\t\t<\/div>\n\t\t\t\t\t<div class=\"elementor-container elementor-column-gap-default\">\n\t\t\t\t\t<div class=\"elementor-column elementor-col-100 elementor-top-column elementor-element elementor-element-7397ca1\" data-id=\"7397ca1\" data-element_type=\"column\" data-e-type=\"column\">\n\t\t\t<div class=\"elementor-widget-wrap\">\n\t\t\t\t\t\t\t<\/div>\n\t\t<\/div>\n\t\t\t\t\t<\/div>\n\t\t<\/section>\n\t\t\t\t<section class=\"elementor-section elementor-top-section elementor-element elementor-element-e3df8ab elementor-section-boxed elementor-section-height-default elementor-section-height-default\" data-id=\"e3df8ab\" data-element_type=\"section\" data-e-type=\"section\" data-settings=\"{&quot;jet_parallax_layout_list&quot;:[]}\">\n\t\t\t\t\t\t<div class=\"elementor-container elementor-column-gap-default\">\n\t\t\t\t\t<div class=\"elementor-column elementor-col-100 elementor-top-column elementor-element elementor-element-ef033aa\" data-id=\"ef033aa\" data-element_type=\"column\" data-e-type=\"column\">\n\t\t\t<div class=\"elementor-widget-wrap elementor-element-populated\">\n\t\t\t\t\t\t<div class=\"elementor-element elementor-element-c965401 elementor-widget elementor-widget-heading\" data-id=\"c965401\" data-element_type=\"widget\" data-e-type=\"widget\" data-widget_type=\"heading.default\">\n\t\t\t\t<div class=\"elementor-widget-container\">\n\t\t\t\t\t<h2 class=\"elementor-heading-title elementor-size-default\">SMAKU X AVANTI!<\/h2>\t\t\t\t<\/div>\n\t\t\t\t<\/div>\n\t\t\t\t<div class=\"elementor-element elementor-element-efc935f elementor-widget elementor-widget-text-editor\" data-id=\"efc935f\" data-element_type=\"widget\" data-e-type=\"widget\" data-widget_type=\"text-editor.default\">\n\t\t\t\t<div class=\"elementor-widget-container\">\n\t\t\t\t\t\t\t\t\t<p><span style=\"font-weight: 400;\">Smaku och Avants Suvisoitto kommer att samarbeta igen under Suvisoitto-festivalen. Smakus partnerrestauranger har tagit fram l\u00e4ckra specialerbjudanden f\u00f6r konsertbes\u00f6kare under festivalveckan. V\u00e4lkommen att bes\u00f6ka oss!  <\/span><\/p><p><span style=\"font-weight: 400;\"><strong>Hur smakar Borg\u00e5?<\/strong>  I augusti ordnas f\u00f6r tionde g\u00e5ngen ett Smaku-matevenemang i Borg\u00e5! Tanken bakom Smaku-evenemanget \u00e4r att ge dig en smakupplevelse av hur lokala restauranger smakar. I Borg\u00e5 ordnas ett r\u00f6khus 18.-30.8.2025. F\u00f6r mer information om evenemanget, bes\u00f6k www.smakufestivals.com och f\u00f6lj @smakufestivals p\u00e5 sociala medier  <\/span><\/p><p><strong>Partnerrestauranger 2025 Bistro Sinne, Restaurang Salt och Hotel Kitchen Runo<\/strong><\/p>\t\t\t\t\t\t\t\t<\/div>\n\t\t\t\t<\/div>\n\t\t\t\t<div class=\"elementor-element elementor-element-30141ed elementor-widget-divider--view-line elementor-widget elementor-widget-divider\" data-id=\"30141ed\" data-element_type=\"widget\" data-e-type=\"widget\" data-widget_type=\"divider.default\">\n\t\t\t\t<div class=\"elementor-widget-container\">\n\t\t\t\t\t\t\t<div class=\"elementor-divider\">\n\t\t\t<span class=\"elementor-divider-separator\">\n\t\t\t\t\t\t<\/span>\n\t\t<\/div>\n\t\t\t\t\t\t<\/div>\n\t\t\t\t<\/div>\n\t\t\t\t<div class=\"elementor-element elementor-element-625020a elementor-widget elementor-widget-text-editor\" data-id=\"625020a\" data-element_type=\"widget\" data-e-type=\"widget\" data-widget_type=\"text-editor.default\">\n\t\t\t\t<div class=\"elementor-widget-container\">\n\t\t\t\t\t\t\t\t\t<p><em><span style=\"font-weight: 400;\">Smaku och Avantis Sommarmusik samarbetar under festivalen Sommarmusik. Smakus partnerresearrang\u00f6rer har skapat specialerbjudanden f\u00f6r konsertbes\u00f6kare under festivals\u00e4songen. V\u00e4lkommen att l\u00e4ra k\u00e4nna dem! Smaku och Avanti&#8217;s Summer Sounds Festival kommer att samarbeta igen under festivalen. Smakus partnerrestauranger har tagit fram l\u00e4ckra specialerbjudanden f\u00f6r konsertbes\u00f6kare under festivalveckan. V\u00e4lkommen att kolla in dem!<\/span><\/em><\/p><p><em><span style=\"font-weight: 400;\"><strong>Hur smakar Borg\u00e5?<\/strong>  I augusti kommer matevenemanget Smaku i Borg\u00e5 att arrangeras f\u00f6r tionde g\u00e5ngen! Tanken bakom Smaku \u00e4r att rapportera om hur lokala kr\u00f6gare blir smartare genom att anv\u00e4nda restaurangmenyer. Mer information om evenemanget, som kommer att \u00e4ga rum den 18-30 augusti 2025, finns p\u00e5 www.smakufestivals. com och p\u00e5 sociala medier @ smakufestivals.  <\/span><\/em><\/p>\t\t\t\t\t\t\t\t<\/div>\n\t\t\t\t<\/div>\n\t\t\t\t\t<\/div>\n\t\t<\/div>\n\t\t\t\t\t<\/div>\n\t\t<\/section>\n\t\t\t\t<\/div>\n\t\t","protected":false},"excerpt":{"rendered":"<p>SMAKU X AVANTI! Smaku och Avants Suvisoitto kommer att samarbeta igen under Suvisoitto-festivalen. Smakus partnerrestauranger har tagit fram l\u00e4ckra specialerbjudanden f\u00f6r konsertbes\u00f6kare under festivalveckan. V\u00e4lkommen att bes\u00f6ka oss! Hur smakar Borg\u00e5? I augusti ordnas f\u00f6r tionde g\u00e5ngen ett Smaku-matevenemang i Borg\u00e5! Tanken bakom Smaku-evenemanget \u00e4r att ge dig en smakupplevelse av hur lokala restauranger smakar. [&hellip;]<\/p>\n","protected":false},"author":1,"featured_media":0,"parent":0,"menu_order":0,"comment_status":"closed","ping_status":"closed","template":"full-width.php","meta":{"_acf_changed":false,"footnotes":""},"class_list":["post-15088","page","type-page","status-publish","hentry"],"acf":[],"yoast_head":"<!-- This site is optimized with the Yoast SEO plugin v27.3 - https:\/\/yoast.com\/product\/yoast-seo-wordpress\/ -->\n<title>Sommarmusik x SMAKU | Kammarorkestern Avanti!<\/title>\n<meta name=\"description\" content=\"Summer Music popup-konserter: musikaliska godbitar. Evenemangen arrangeras i samarbete med SMAKU:s restauranger.\" \/>\n<meta name=\"robots\" content=\"index, follow, max-snippet:-1, max-image-preview:large, max-video-preview:-1\" \/>\n<link rel=\"canonical\" href=\"https:\/\/avantimusic.fi\/sv\/smaku\/\" \/>\n<meta property=\"og:locale\" content=\"sv_SE\" \/>\n<meta property=\"og:type\" content=\"article\" \/>\n<meta property=\"og:title\" content=\"Sommarmusik x SMAKU | Kammarorkestern Avanti!\" \/>\n<meta property=\"og:description\" content=\"Summer Music popup-konserter: musikaliska godbitar. Evenemangen arrangeras i samarbete med SMAKU:s restauranger.\" \/>\n<meta property=\"og:url\" content=\"https:\/\/avantimusic.fi\/sv\/smaku\/\" \/>\n<meta property=\"og:site_name\" content=\"Kamariorkesteri Avanti!\" \/>\n<meta property=\"article:modified_time\" content=\"2025-06-09T07:13:25+00:00\" \/>\n<meta property=\"og:image\" content=\"https:\/\/avantimusic.fi\/wp-content\/uploads\/2019\/08\/AVANTIcolor90.jpg\" \/>\n\t<meta property=\"og:image:width\" content=\"1920\" \/>\n\t<meta property=\"og:image:height\" content=\"1047\" \/>\n\t<meta property=\"og:image:type\" content=\"image\/jpeg\" \/>\n<meta name=\"twitter:card\" content=\"summary_large_image\" \/>\n<meta name=\"twitter:label1\" content=\"Ber\u00e4knad l\u00e4stid\" \/>\n\t<meta name=\"twitter:data1\" content=\"1 minut\" \/>\n<script type=\"application\/ld+json\" class=\"yoast-schema-graph\">{\"@context\":\"https:\\\/\\\/schema.org\",\"@graph\":[{\"@type\":\"WebPage\",\"@id\":\"https:\\\/\\\/avantimusic.fi\\\/sv\\\/smaku\\\/\",\"url\":\"https:\\\/\\\/avantimusic.fi\\\/sv\\\/smaku\\\/\",\"name\":\"Sommarmusik x SMAKU | Kammarorkestern Avanti!\",\"isPartOf\":{\"@id\":\"https:\\\/\\\/avantimusic.fi\\\/sv\\\/#website\"},\"datePublished\":\"2025-05-21T08:06:27+00:00\",\"dateModified\":\"2025-06-09T07:13:25+00:00\",\"description\":\"Summer Music popup-konserter: musikaliska godbitar. Evenemangen arrangeras i samarbete med SMAKU:s restauranger.\",\"breadcrumb\":{\"@id\":\"https:\\\/\\\/avantimusic.fi\\\/sv\\\/smaku\\\/#breadcrumb\"},\"inLanguage\":\"sv-SE\",\"potentialAction\":[{\"@type\":\"ReadAction\",\"target\":[\"https:\\\/\\\/avantimusic.fi\\\/sv\\\/smaku\\\/\"]}]},{\"@type\":\"BreadcrumbList\",\"@id\":\"https:\\\/\\\/avantimusic.fi\\\/sv\\\/smaku\\\/#breadcrumb\",\"itemListElement\":[{\"@type\":\"ListItem\",\"position\":1,\"name\":\"Hem\",\"item\":\"https:\\\/\\\/avantimusic.fi\\\/sv\\\/\"},{\"@type\":\"ListItem\",\"position\":2,\"name\":\"SMAKU\"}]},{\"@type\":\"WebSite\",\"@id\":\"https:\\\/\\\/avantimusic.fi\\\/sv\\\/#website\",\"url\":\"https:\\\/\\\/avantimusic.fi\\\/sv\\\/\",\"name\":\"Kamariorkesteri Avanti!\",\"description\":\"Virallinen sivusto\",\"potentialAction\":[{\"@type\":\"SearchAction\",\"target\":{\"@type\":\"EntryPoint\",\"urlTemplate\":\"https:\\\/\\\/avantimusic.fi\\\/sv\\\/?s={search_term_string}\"},\"query-input\":{\"@type\":\"PropertyValueSpecification\",\"valueRequired\":true,\"valueName\":\"search_term_string\"}}],\"inLanguage\":\"sv-SE\"}]}<\/script>\n<!-- \/ Yoast SEO plugin. -->","yoast_head_json":{"title":"Sommarmusik x SMAKU | Kammarorkestern Avanti!","description":"Summer Music popup-konserter: musikaliska godbitar. Evenemangen arrangeras i samarbete med SMAKU:s restauranger.","robots":{"index":"index","follow":"follow","max-snippet":"max-snippet:-1","max-image-preview":"max-image-preview:large","max-video-preview":"max-video-preview:-1"},"canonical":"https:\/\/avantimusic.fi\/sv\/smaku\/","og_locale":"sv_SE","og_type":"article","og_title":"Sommarmusik x SMAKU | Kammarorkestern Avanti!","og_description":"Summer Music popup-konserter: musikaliska godbitar. Evenemangen arrangeras i samarbete med SMAKU:s restauranger.","og_url":"https:\/\/avantimusic.fi\/sv\/smaku\/","og_site_name":"Kamariorkesteri Avanti!","article_modified_time":"2025-06-09T07:13:25+00:00","og_image":[{"width":1920,"height":1047,"url":"https:\/\/avantimusic.fi\/wp-content\/uploads\/2019\/08\/AVANTIcolor90.jpg","type":"image\/jpeg"}],"twitter_card":"summary_large_image","twitter_misc":{"Ber\u00e4knad l\u00e4stid":"1 minut"},"schema":{"@context":"https:\/\/schema.org","@graph":[{"@type":"WebPage","@id":"https:\/\/avantimusic.fi\/sv\/smaku\/","url":"https:\/\/avantimusic.fi\/sv\/smaku\/","name":"Sommarmusik x SMAKU | Kammarorkestern Avanti!","isPartOf":{"@id":"https:\/\/avantimusic.fi\/sv\/#website"},"datePublished":"2025-05-21T08:06:27+00:00","dateModified":"2025-06-09T07:13:25+00:00","description":"Summer Music popup-konserter: musikaliska godbitar. Evenemangen arrangeras i samarbete med SMAKU:s restauranger.","breadcrumb":{"@id":"https:\/\/avantimusic.fi\/sv\/smaku\/#breadcrumb"},"inLanguage":"sv-SE","potentialAction":[{"@type":"ReadAction","target":["https:\/\/avantimusic.fi\/sv\/smaku\/"]}]},{"@type":"BreadcrumbList","@id":"https:\/\/avantimusic.fi\/sv\/smaku\/#breadcrumb","itemListElement":[{"@type":"ListItem","position":1,"name":"Hem","item":"https:\/\/avantimusic.fi\/sv\/"},{"@type":"ListItem","position":2,"name":"SMAKU"}]},{"@type":"WebSite","@id":"https:\/\/avantimusic.fi\/sv\/#website","url":"https:\/\/avantimusic.fi\/sv\/","name":"Kamariorkesteri Avanti!","description":"Virallinen sivusto","potentialAction":[{"@type":"SearchAction","target":{"@type":"EntryPoint","urlTemplate":"https:\/\/avantimusic.fi\/sv\/?s={search_term_string}"},"query-input":{"@type":"PropertyValueSpecification","valueRequired":true,"valueName":"search_term_string"}}],"inLanguage":"sv-SE"}]}},"publishpress_future_action":{"enabled":false,"date":"2026-04-21 18:50:06","action":"change-status","newStatus":"draft","terms":[],"taxonomy":"translation_priority","extraData":[]},"publishpress_future_workflow_manual_trigger":{"enabledWorkflows":[]},"_links":{"self":[{"href":"https:\/\/avantimusic.fi\/sv\/wp-json\/wp\/v2\/pages\/15088","targetHints":{"allow":["GET"]}}],"collection":[{"href":"https:\/\/avantimusic.fi\/sv\/wp-json\/wp\/v2\/pages"}],"about":[{"href":"https:\/\/avantimusic.fi\/sv\/wp-json\/wp\/v2\/types\/page"}],"author":[{"embeddable":true,"href":"https:\/\/avantimusic.fi\/sv\/wp-json\/wp\/v2\/users\/1"}],"replies":[{"embeddable":true,"href":"https:\/\/avantimusic.fi\/sv\/wp-json\/wp\/v2\/comments?post=15088"}],"version-history":[{"count":1,"href":"https:\/\/avantimusic.fi\/sv\/wp-json\/wp\/v2\/pages\/15088\/revisions"}],"predecessor-version":[{"id":15089,"href":"https:\/\/avantimusic.fi\/sv\/wp-json\/wp\/v2\/pages\/15088\/revisions\/15089"}],"wp:attachment":[{"href":"https:\/\/avantimusic.fi\/sv\/wp-json\/wp\/v2\/media?parent=15088"}],"curies":[{"name":"wp","href":"https:\/\/api.w.org\/{rel}","templated":true}]}}