{"id":15082,"date":"2025-05-28T15:50:33","date_gmt":"2025-05-28T12:50:33","guid":{"rendered":"https:\/\/avantimusic.fi\/runo-hotell\/"},"modified":"2025-06-09T10:13:25","modified_gmt":"2025-06-09T07:13:25","slug":"runo-hotell","status":"publish","type":"page","link":"https:\/\/avantimusic.fi\/sv\/runo-hotell\/","title":{"rendered":"RUNO Hotell"},"content":{"rendered":"\t\t<div data-elementor-type=\"wp-page\" data-elementor-id=\"15082\" class=\"elementor elementor-15082 elementor-13551\" data-elementor-post-type=\"page\">\n\t\t\t\t\t\t<section class=\"elementor-section elementor-top-section elementor-element elementor-element-6c4fabf elementor-section-height-min-height elementor-section-boxed elementor-section-height-default elementor-section-items-middle\" data-id=\"6c4fabf\" data-element_type=\"section\" data-e-type=\"section\" data-settings=\"{&quot;background_background&quot;:&quot;slideshow&quot;,&quot;background_slideshow_gallery&quot;:[{&quot;id&quot;:14952,&quot;url&quot;:&quot;https:\\\/\\\/avantimusic.fi\\\/wp-content\\\/uploads\\\/2025\\\/05\\\/2121_02_06_Runo_63188_pysty.jpg&quot;}],&quot;background_slideshow_slide_duration&quot;:4000,&quot;jet_parallax_layout_list&quot;:[],&quot;shape_divider_bottom&quot;:&quot;triangle&quot;,&quot;shape_divider_bottom_negative&quot;:&quot;yes&quot;,&quot;background_slideshow_loop&quot;:&quot;yes&quot;,&quot;background_slideshow_slide_transition&quot;:&quot;fade&quot;,&quot;background_slideshow_transition_duration&quot;:500}\">\n\t\t\t\t\t<div class=\"elementor-shape elementor-shape-bottom\" aria-hidden=\"true\" data-negative=\"true\">\n\t\t\t<svg xmlns=\"http:\/\/www.w3.org\/2000\/svg\" viewBox=\"0 0 1000 100\" preserveAspectRatio=\"none\">\n\t<path class=\"elementor-shape-fill\" d=\"M500.2,94.7L0,0v100h1000V0L500.2,94.7z\"\/>\n<\/svg>\t\t<\/div>\n\t\t\t\t\t<div class=\"elementor-container elementor-column-gap-default\">\n\t\t\t\t\t<div class=\"elementor-column elementor-col-100 elementor-top-column elementor-element elementor-element-7397ca1\" data-id=\"7397ca1\" data-element_type=\"column\" data-e-type=\"column\">\n\t\t\t<div class=\"elementor-widget-wrap\">\n\t\t\t\t\t\t\t<\/div>\n\t\t<\/div>\n\t\t\t\t\t<\/div>\n\t\t<\/section>\n\t\t\t\t<section class=\"elementor-section elementor-top-section elementor-element elementor-element-e3df8ab elementor-section-boxed elementor-section-height-default elementor-section-height-default\" data-id=\"e3df8ab\" data-element_type=\"section\" data-e-type=\"section\" data-settings=\"{&quot;jet_parallax_layout_list&quot;:[]}\">\n\t\t\t\t\t\t<div class=\"elementor-container elementor-column-gap-default\">\n\t\t\t\t\t<div class=\"elementor-column elementor-col-100 elementor-top-column elementor-element elementor-element-ef033aa\" data-id=\"ef033aa\" data-element_type=\"column\" data-e-type=\"column\">\n\t\t\t<div class=\"elementor-widget-wrap elementor-element-populated\">\n\t\t\t\t\t\t<div class=\"elementor-element elementor-element-c965401 elementor-widget elementor-widget-heading\" data-id=\"c965401\" data-element_type=\"widget\" data-e-type=\"widget\" data-widget_type=\"heading.default\">\n\t\t\t\t<div class=\"elementor-widget-container\">\n\t\t\t\t\t<h2 class=\"elementor-heading-title elementor-size-default\">Sommarmusik x Runo HOTEL<\/h2>\t\t\t\t<\/div>\n\t\t\t\t<\/div>\n\t\t\t\t<div class=\"elementor-element elementor-element-efc935f elementor-widget elementor-widget-text-editor\" data-id=\"efc935f\" data-element_type=\"widget\" data-e-type=\"widget\" data-widget_type=\"text-editor.default\">\n\t\t\t\t<div class=\"elementor-widget-container\">\n\t\t\t\t\t\t\t\t\t<p class=\"v1MsoNormal\"><b>RUNO Hotel Porvoo &#8211; en hyllning till finsk kultur, traditioner och estetik<\/b><\/p><p>RUNO Hotel Porvoo f\u00f6ddes ur \u00e4garnas dr\u00f6m om att skapa en f\u00f6rstklassig hotellupplevelse i sin hemstad, l\u00e5ngt \u00f6ver det vardagliga, men \u00e4nd\u00e5 mysigt. En plats d\u00e4r finska traditioner, hantverk, kultur och varm g\u00e4stfrihet m\u00f6ts f\u00f6r att skapa samma varma k\u00e4nsla som n\u00e4r man bes\u00f6ker en k\u00e4r v\u00e4n.<\/p><p class=\"v1MsoNormal\">RUNO ligger precis utanf\u00f6r d\u00f6rren till Gamla stan i Borg\u00e5 och ger liv \u00e5t finska traditioner, hantverk och kultur i en rustik och modern atmosf\u00e4r. Den nordiska designen, de h\u00f6gkvalitativa naturmaterialen och byggnadens originaldetaljer ber\u00e4ttar en historia om tid och tidl\u00f6shet. Varje detalj &#8211; ljus, f\u00e4rg, yta och ljud &#8211; har beaktats f\u00f6r att skapa en milj\u00f6 d\u00e4r var och en av v\u00e5ra g\u00e4ster kan sakta ner, koppla av och inspireras.<\/p><p class=\"v1MsoNormal\">Konsten \u00e4r k\u00e4rnan i RUNO. Vi \u00e4r stolta \u00f6ver att samarbeta med Suvisoito &#8211; en festival d\u00e4r musik v\u00e4cker staden till liv mitt i sommaren. <b>F\u00f6r Suvisoito-\u00e4lskare erbjuder vi -15% rabatt p\u00e5 dagspriset fram till slutet av 2025.<\/b> Anv\u00e4nd underkoden <b>SUVISOITTO<\/b> n\u00e4r du bokar p\u00e5 <a href=\"https:\/\/www.runohotel.com\/\">www.runohotel.com.<\/a><\/p><p class=\"v1MsoNormal\">Efter konserten rekommenderar vi ett stopp p\u00e5 <b>RUNO Bar<\/b>, en snygg och varm m\u00f6tesplats. Ett glas bubbel eller en klassisk cocktail i skenet av levande ljus \u00e4r det perfekta s\u00e4ttet att avsluta kv\u00e4llen. N\u00e4r du \u00e4nd\u00e5 \u00e4r d\u00e4r kan du ta en rundtur i konstutst\u00e4llningen RUNO Biannual VII \u00b4Celebration\u00b4, som har samlat verk av sex konstn\u00e4rer fr\u00e5n Borg\u00e5.  <\/p>\t\t\t\t\t\t\t\t<\/div>\n\t\t\t\t<\/div>\n\t\t\t\t\t<\/div>\n\t\t<\/div>\n\t\t\t\t\t<\/div>\n\t\t<\/section>\n\t\t\t\t<section class=\"elementor-section elementor-top-section elementor-element elementor-element-ec82225 elementor-section-boxed elementor-section-height-default elementor-section-height-default\" data-id=\"ec82225\" data-element_type=\"section\" data-e-type=\"section\" data-settings=\"{&quot;jet_parallax_layout_list&quot;:[]}\">\n\t\t\t\t\t\t<div class=\"elementor-container elementor-column-gap-default\">\n\t\t\t\t\t<div class=\"elementor-column elementor-col-50 elementor-top-column elementor-element elementor-element-aaa85c0\" data-id=\"aaa85c0\" data-element_type=\"column\" data-e-type=\"column\">\n\t\t\t<div class=\"elementor-widget-wrap elementor-element-populated\">\n\t\t\t\t\t\t<div class=\"elementor-element elementor-element-df19005 elementor-widget elementor-widget-image\" data-id=\"df19005\" data-element_type=\"widget\" data-e-type=\"widget\" data-widget_type=\"image.default\">\n\t\t\t\t<div class=\"elementor-widget-container\">\n\t\t\t\t\t\t\t\t\t\t\t\t\t\t\t<img fetchpriority=\"high\" decoding=\"async\" width=\"687\" height=\"1030\" src=\"https:\/\/avantimusic.fi\/wp-content\/uploads\/2025\/05\/2121_02_06_Runo_62566-687x1030.jpg\" class=\"attachment-large size-large wp-image-14960\" alt=\"\" srcset=\"https:\/\/avantimusic.fi\/wp-content\/uploads\/2025\/05\/2121_02_06_Runo_62566-687x1030.jpg 687w, https:\/\/avantimusic.fi\/wp-content\/uploads\/2025\/05\/2121_02_06_Runo_62566-333x500.jpg 333w, https:\/\/avantimusic.fi\/wp-content\/uploads\/2025\/05\/2121_02_06_Runo_62566-768x1152.jpg 768w, https:\/\/avantimusic.fi\/wp-content\/uploads\/2025\/05\/2121_02_06_Runo_62566-1024x1536.jpg 1024w, https:\/\/avantimusic.fi\/wp-content\/uploads\/2025\/05\/2121_02_06_Runo_62566-1366x2048.jpg 1366w, https:\/\/avantimusic.fi\/wp-content\/uploads\/2025\/05\/2121_02_06_Runo_62566.jpg 1667w\" sizes=\"(max-width: 687px) 100vw, 687px\" \/>\t\t\t\t\t\t\t\t\t\t\t\t\t\t\t<\/div>\n\t\t\t\t<\/div>\n\t\t\t\t\t<\/div>\n\t\t<\/div>\n\t\t\t\t<div class=\"elementor-column elementor-col-50 elementor-top-column elementor-element elementor-element-24e7382\" data-id=\"24e7382\" data-element_type=\"column\" data-e-type=\"column\">\n\t\t\t<div class=\"elementor-widget-wrap elementor-element-populated\">\n\t\t\t\t\t\t<div class=\"elementor-element elementor-element-9a1544d elementor-widget elementor-widget-image\" data-id=\"9a1544d\" data-element_type=\"widget\" data-e-type=\"widget\" data-widget_type=\"image.default\">\n\t\t\t\t<div class=\"elementor-widget-container\">\n\t\t\t\t\t\t\t\t\t\t\t\t\t\t\t<img decoding=\"async\" width=\"687\" height=\"1030\" src=\"https:\/\/avantimusic.fi\/wp-content\/uploads\/2025\/05\/2121_02_06_Runo_62685-687x1030.jpg\" class=\"attachment-large size-large wp-image-14958\" alt=\"\" srcset=\"https:\/\/avantimusic.fi\/wp-content\/uploads\/2025\/05\/2121_02_06_Runo_62685-687x1030.jpg 687w, https:\/\/avantimusic.fi\/wp-content\/uploads\/2025\/05\/2121_02_06_Runo_62685-333x500.jpg 333w, https:\/\/avantimusic.fi\/wp-content\/uploads\/2025\/05\/2121_02_06_Runo_62685-768x1152.jpg 768w, https:\/\/avantimusic.fi\/wp-content\/uploads\/2025\/05\/2121_02_06_Runo_62685-1024x1536.jpg 1024w, https:\/\/avantimusic.fi\/wp-content\/uploads\/2025\/05\/2121_02_06_Runo_62685-1366x2048.jpg 1366w, https:\/\/avantimusic.fi\/wp-content\/uploads\/2025\/05\/2121_02_06_Runo_62685.jpg 1667w\" sizes=\"(max-width: 687px) 100vw, 687px\" \/>\t\t\t\t\t\t\t\t\t\t\t\t\t\t\t<\/div>\n\t\t\t\t<\/div>\n\t\t\t\t\t<\/div>\n\t\t<\/div>\n\t\t\t\t\t<\/div>\n\t\t<\/section>\n\t\t\t\t<\/div>\n\t\t","protected":false},"excerpt":{"rendered":"<p>Sommarmusik x Runo HOTEL RUNO Hotel Porvoo &#8211; en hyllning till finsk kultur, traditioner och estetik RUNO Hotel Porvoo f\u00f6ddes ur \u00e4garnas dr\u00f6m om att skapa en f\u00f6rstklassig hotellupplevelse i sin hemstad, l\u00e5ngt \u00f6ver det vardagliga, men \u00e4nd\u00e5 mysigt. En plats d\u00e4r finska traditioner, hantverk, kultur och varm g\u00e4stfrihet m\u00f6ts f\u00f6r att skapa samma varma [&hellip;]<\/p>\n","protected":false},"author":1,"featured_media":14938,"parent":0,"menu_order":0,"comment_status":"closed","ping_status":"closed","template":"full-width.php","meta":{"_acf_changed":false,"footnotes":""},"class_list":["post-15082","page","type-page","status-publish","has-post-thumbnail","hentry"],"acf":[],"yoast_head":"<!-- This site is optimized with the Yoast SEO plugin v27.3 - https:\/\/yoast.com\/product\/yoast-seo-wordpress\/ -->\n<title>Sommarmusik x SMAKU | Kammarorkestern Avanti!<\/title>\n<meta name=\"description\" content=\"Summer Music popup-konserter: musikaliska godbitar. Evenemangen arrangeras i samarbete med SMAKU:s restauranger.\" \/>\n<meta name=\"robots\" content=\"index, follow, max-snippet:-1, max-image-preview:large, max-video-preview:-1\" \/>\n<link rel=\"canonical\" href=\"https:\/\/avantimusic.fi\/sv\/runo-hotell\/\" \/>\n<meta property=\"og:locale\" content=\"sv_SE\" \/>\n<meta property=\"og:type\" content=\"article\" \/>\n<meta property=\"og:title\" content=\"Sommarmusik x SMAKU | Kammarorkestern Avanti!\" \/>\n<meta property=\"og:description\" content=\"Summer Music popup-konserter: musikaliska godbitar. Evenemangen arrangeras i samarbete med SMAKU:s restauranger.\" \/>\n<meta property=\"og:url\" content=\"https:\/\/avantimusic.fi\/sv\/runo-hotell\/\" \/>\n<meta property=\"og:site_name\" content=\"Kamariorkesteri Avanti!\" \/>\n<meta property=\"article:modified_time\" content=\"2025-06-09T07:13:25+00:00\" \/>\n<meta property=\"og:image\" content=\"https:\/\/avantimusic.fi\/wp-content\/uploads\/2025\/05\/1.png\" \/>\n\t<meta property=\"og:image:width\" content=\"300\" \/>\n\t<meta property=\"og:image:height\" content=\"300\" \/>\n\t<meta property=\"og:image:type\" content=\"image\/png\" \/>\n<meta name=\"twitter:card\" content=\"summary_large_image\" \/>\n<meta name=\"twitter:label1\" content=\"Ber\u00e4knad l\u00e4stid\" \/>\n\t<meta name=\"twitter:data1\" content=\"1 minut\" \/>\n<script type=\"application\/ld+json\" class=\"yoast-schema-graph\">{\"@context\":\"https:\\\/\\\/schema.org\",\"@graph\":[{\"@type\":\"WebPage\",\"@id\":\"https:\\\/\\\/avantimusic.fi\\\/sv\\\/runo-hotell\\\/\",\"url\":\"https:\\\/\\\/avantimusic.fi\\\/sv\\\/runo-hotell\\\/\",\"name\":\"Sommarmusik x SMAKU | Kammarorkestern Avanti!\",\"isPartOf\":{\"@id\":\"https:\\\/\\\/avantimusic.fi\\\/sv\\\/#website\"},\"primaryImageOfPage\":{\"@id\":\"https:\\\/\\\/avantimusic.fi\\\/sv\\\/runo-hotell\\\/#primaryimage\"},\"image\":{\"@id\":\"https:\\\/\\\/avantimusic.fi\\\/sv\\\/runo-hotell\\\/#primaryimage\"},\"thumbnailUrl\":\"https:\\\/\\\/avantimusic.fi\\\/wp-content\\\/uploads\\\/2025\\\/05\\\/1.png\",\"datePublished\":\"2025-05-28T12:50:33+00:00\",\"dateModified\":\"2025-06-09T07:13:25+00:00\",\"description\":\"Summer Music popup-konserter: musikaliska godbitar. Evenemangen arrangeras i samarbete med SMAKU:s restauranger.\",\"breadcrumb\":{\"@id\":\"https:\\\/\\\/avantimusic.fi\\\/sv\\\/runo-hotell\\\/#breadcrumb\"},\"inLanguage\":\"sv-SE\",\"potentialAction\":[{\"@type\":\"ReadAction\",\"target\":[\"https:\\\/\\\/avantimusic.fi\\\/sv\\\/runo-hotell\\\/\"]}]},{\"@type\":\"ImageObject\",\"inLanguage\":\"sv-SE\",\"@id\":\"https:\\\/\\\/avantimusic.fi\\\/sv\\\/runo-hotell\\\/#primaryimage\",\"url\":\"https:\\\/\\\/avantimusic.fi\\\/wp-content\\\/uploads\\\/2025\\\/05\\\/1.png\",\"contentUrl\":\"https:\\\/\\\/avantimusic.fi\\\/wp-content\\\/uploads\\\/2025\\\/05\\\/1.png\",\"width\":300,\"height\":300},{\"@type\":\"BreadcrumbList\",\"@id\":\"https:\\\/\\\/avantimusic.fi\\\/sv\\\/runo-hotell\\\/#breadcrumb\",\"itemListElement\":[{\"@type\":\"ListItem\",\"position\":1,\"name\":\"Hem\",\"item\":\"https:\\\/\\\/avantimusic.fi\\\/sv\\\/\"},{\"@type\":\"ListItem\",\"position\":2,\"name\":\"RUNO Hotell\"}]},{\"@type\":\"WebSite\",\"@id\":\"https:\\\/\\\/avantimusic.fi\\\/sv\\\/#website\",\"url\":\"https:\\\/\\\/avantimusic.fi\\\/sv\\\/\",\"name\":\"Kamariorkesteri Avanti!\",\"description\":\"Virallinen sivusto\",\"potentialAction\":[{\"@type\":\"SearchAction\",\"target\":{\"@type\":\"EntryPoint\",\"urlTemplate\":\"https:\\\/\\\/avantimusic.fi\\\/sv\\\/?s={search_term_string}\"},\"query-input\":{\"@type\":\"PropertyValueSpecification\",\"valueRequired\":true,\"valueName\":\"search_term_string\"}}],\"inLanguage\":\"sv-SE\"}]}<\/script>\n<!-- \/ Yoast SEO plugin. -->","yoast_head_json":{"title":"Sommarmusik x SMAKU | Kammarorkestern Avanti!","description":"Summer Music popup-konserter: musikaliska godbitar. Evenemangen arrangeras i samarbete med SMAKU:s restauranger.","robots":{"index":"index","follow":"follow","max-snippet":"max-snippet:-1","max-image-preview":"max-image-preview:large","max-video-preview":"max-video-preview:-1"},"canonical":"https:\/\/avantimusic.fi\/sv\/runo-hotell\/","og_locale":"sv_SE","og_type":"article","og_title":"Sommarmusik x SMAKU | Kammarorkestern Avanti!","og_description":"Summer Music popup-konserter: musikaliska godbitar. Evenemangen arrangeras i samarbete med SMAKU:s restauranger.","og_url":"https:\/\/avantimusic.fi\/sv\/runo-hotell\/","og_site_name":"Kamariorkesteri Avanti!","article_modified_time":"2025-06-09T07:13:25+00:00","og_image":[{"width":300,"height":300,"url":"https:\/\/avantimusic.fi\/wp-content\/uploads\/2025\/05\/1.png","type":"image\/png"}],"twitter_card":"summary_large_image","twitter_misc":{"Ber\u00e4knad l\u00e4stid":"1 minut"},"schema":{"@context":"https:\/\/schema.org","@graph":[{"@type":"WebPage","@id":"https:\/\/avantimusic.fi\/sv\/runo-hotell\/","url":"https:\/\/avantimusic.fi\/sv\/runo-hotell\/","name":"Sommarmusik x SMAKU | Kammarorkestern Avanti!","isPartOf":{"@id":"https:\/\/avantimusic.fi\/sv\/#website"},"primaryImageOfPage":{"@id":"https:\/\/avantimusic.fi\/sv\/runo-hotell\/#primaryimage"},"image":{"@id":"https:\/\/avantimusic.fi\/sv\/runo-hotell\/#primaryimage"},"thumbnailUrl":"https:\/\/avantimusic.fi\/wp-content\/uploads\/2025\/05\/1.png","datePublished":"2025-05-28T12:50:33+00:00","dateModified":"2025-06-09T07:13:25+00:00","description":"Summer Music popup-konserter: musikaliska godbitar. Evenemangen arrangeras i samarbete med SMAKU:s restauranger.","breadcrumb":{"@id":"https:\/\/avantimusic.fi\/sv\/runo-hotell\/#breadcrumb"},"inLanguage":"sv-SE","potentialAction":[{"@type":"ReadAction","target":["https:\/\/avantimusic.fi\/sv\/runo-hotell\/"]}]},{"@type":"ImageObject","inLanguage":"sv-SE","@id":"https:\/\/avantimusic.fi\/sv\/runo-hotell\/#primaryimage","url":"https:\/\/avantimusic.fi\/wp-content\/uploads\/2025\/05\/1.png","contentUrl":"https:\/\/avantimusic.fi\/wp-content\/uploads\/2025\/05\/1.png","width":300,"height":300},{"@type":"BreadcrumbList","@id":"https:\/\/avantimusic.fi\/sv\/runo-hotell\/#breadcrumb","itemListElement":[{"@type":"ListItem","position":1,"name":"Hem","item":"https:\/\/avantimusic.fi\/sv\/"},{"@type":"ListItem","position":2,"name":"RUNO Hotell"}]},{"@type":"WebSite","@id":"https:\/\/avantimusic.fi\/sv\/#website","url":"https:\/\/avantimusic.fi\/sv\/","name":"Kamariorkesteri Avanti!","description":"Virallinen sivusto","potentialAction":[{"@type":"SearchAction","target":{"@type":"EntryPoint","urlTemplate":"https:\/\/avantimusic.fi\/sv\/?s={search_term_string}"},"query-input":{"@type":"PropertyValueSpecification","valueRequired":true,"valueName":"search_term_string"}}],"inLanguage":"sv-SE"}]}},"publishpress_future_action":{"enabled":false,"date":"2026-04-21 19:00:11","action":"change-status","newStatus":"draft","terms":[],"taxonomy":"translation_priority","extraData":[]},"publishpress_future_workflow_manual_trigger":{"enabledWorkflows":[]},"_links":{"self":[{"href":"https:\/\/avantimusic.fi\/sv\/wp-json\/wp\/v2\/pages\/15082","targetHints":{"allow":["GET"]}}],"collection":[{"href":"https:\/\/avantimusic.fi\/sv\/wp-json\/wp\/v2\/pages"}],"about":[{"href":"https:\/\/avantimusic.fi\/sv\/wp-json\/wp\/v2\/types\/page"}],"author":[{"embeddable":true,"href":"https:\/\/avantimusic.fi\/sv\/wp-json\/wp\/v2\/users\/1"}],"replies":[{"embeddable":true,"href":"https:\/\/avantimusic.fi\/sv\/wp-json\/wp\/v2\/comments?post=15082"}],"version-history":[{"count":1,"href":"https:\/\/avantimusic.fi\/sv\/wp-json\/wp\/v2\/pages\/15082\/revisions"}],"predecessor-version":[{"id":15083,"href":"https:\/\/avantimusic.fi\/sv\/wp-json\/wp\/v2\/pages\/15082\/revisions\/15083"}],"wp:featuredmedia":[{"embeddable":true,"href":"https:\/\/avantimusic.fi\/sv\/wp-json\/wp\/v2\/media\/14938"}],"wp:attachment":[{"href":"https:\/\/avantimusic.fi\/sv\/wp-json\/wp\/v2\/media?parent=15082"}],"curies":[{"name":"wp","href":"https:\/\/api.w.org\/{rel}","templated":true}]}}