{"id":15079,"date":"2025-03-17T08:16:55","date_gmt":"2025-03-17T06:16:55","guid":{"rendered":"https:\/\/avantimusic.fi\/bli-stodmedlem\/"},"modified":"2025-09-04T10:05:29","modified_gmt":"2025-09-04T07:05:29","slug":"bli-stodmedlem","status":"publish","type":"page","link":"https:\/\/avantimusic.fi\/sv\/bli-stodmedlem\/","title":{"rendered":"Bli st\u00f6dmedlem"},"content":{"rendered":"\t\t<div data-elementor-type=\"wp-page\" data-elementor-id=\"15079\" class=\"elementor elementor-15079 elementor-12732\" data-elementor-post-type=\"page\">\n\t\t\t\t\t\t<section class=\"elementor-section elementor-top-section elementor-element elementor-element-6c4fabf elementor-section-full_width elementor-section-height-min-height elementor-section-height-default elementor-section-items-middle\" data-id=\"6c4fabf\" data-element_type=\"section\" data-e-type=\"section\" data-settings=\"{&quot;background_background&quot;:&quot;classic&quot;,&quot;jet_parallax_layout_list&quot;:[]}\">\n\t\t\t\t\t\t<div class=\"elementor-container elementor-column-gap-default\">\n\t\t\t\t\t<div class=\"elementor-column elementor-col-100 elementor-top-column elementor-element elementor-element-8c4110a\" data-id=\"8c4110a\" data-element_type=\"column\" data-e-type=\"column\" data-settings=\"{&quot;background_background&quot;:&quot;classic&quot;}\">\n\t\t\t<div class=\"elementor-widget-wrap elementor-element-populated\">\n\t\t\t\t\t\t<div class=\"elementor-element elementor-element-1dae6d6 elementor-widget elementor-widget-heading\" data-id=\"1dae6d6\" data-element_type=\"widget\" data-e-type=\"widget\" data-widget_type=\"heading.default\">\n\t\t\t\t<div class=\"elementor-widget-container\">\n\t\t\t\t\t<h1 class=\"elementor-heading-title elementor-size-default\">Bli en st\u00f6djande medlem<\/h1>\t\t\t\t<\/div>\n\t\t\t\t<\/div>\n\t\t\t\t\t<\/div>\n\t\t<\/div>\n\t\t\t\t\t<\/div>\n\t\t<\/section>\n\t\t\t\t<section class=\"elementor-section elementor-top-section elementor-element elementor-element-4da27c98 elementor-section-boxed elementor-section-height-default elementor-section-height-default\" data-id=\"4da27c98\" data-element_type=\"section\" data-e-type=\"section\" data-settings=\"{&quot;background_background&quot;:&quot;classic&quot;,&quot;jet_parallax_layout_list&quot;:[]}\">\n\t\t\t\t\t\t<div class=\"elementor-container elementor-column-gap-default\">\n\t\t\t\t\t<div class=\"elementor-column elementor-col-100 elementor-top-column elementor-element elementor-element-2e6ef06f\" data-id=\"2e6ef06f\" data-element_type=\"column\" data-e-type=\"column\">\n\t\t\t<div class=\"elementor-widget-wrap elementor-element-populated\">\n\t\t\t\t\t\t<div class=\"elementor-element elementor-element-7bb517c3 elementor-widget elementor-widget-heading\" data-id=\"7bb517c3\" data-element_type=\"widget\" data-e-type=\"widget\" data-widget_type=\"heading.default\">\n\t\t\t\t<div class=\"elementor-widget-container\">\n\t\t\t\t\t<h2 class=\"elementor-heading-title elementor-size-default\">V\u00e4nner till Avant<\/h2>\t\t\t\t<\/div>\n\t\t\t\t<\/div>\n\t\t\t\t<div class=\"elementor-element elementor-element-b7729a6 elementor-widget elementor-widget-text-editor\" data-id=\"b7729a6\" data-element_type=\"widget\" data-e-type=\"widget\" data-widget_type=\"text-editor.default\">\n\t\t\t\t<div class=\"elementor-widget-container\">\n\t\t\t\t\t\t\t\t\t<section class=\"av_textblock_section \"><div class=\"avia_textblock \"><p>Friends of Avant \u00e4r en viktig del av orkesterns verksamhet. Som st\u00f6dmedlem f\u00e5r du information om Avants program och nyheter via e-post. F\u00f6r mer information, v\u00e4nligen skicka ett e-postmeddelande till dem som har betalat sin medlemsavgift eller bes\u00f6k avanti@avantimusic.fi.<\/p><p>Avgiften f\u00f6r supportermedlemskap \u00e4r 30 euro per \u00e5r.<\/p><\/div><\/section>\t\t\t\t\t\t\t\t<\/div>\n\t\t\t\t<\/div>\n\t\t\t\t<div class=\"elementor-element elementor-element-538f085 elementor-widget elementor-widget-heading\" data-id=\"538f085\" data-element_type=\"widget\" data-e-type=\"widget\" data-widget_type=\"heading.default\">\n\t\t\t\t<div class=\"elementor-widget-container\">\n\t\t\t\t\t<h2 class=\"elementor-heading-title elementor-size-default\">Bli st\u00f6djande medlem<\/h2>\t\t\t\t<\/div>\n\t\t\t\t<\/div>\n\t\t\t\t<div class=\"elementor-element elementor-element-7890810b elementor-button-align-stretch elementor-widget elementor-widget-form\" data-id=\"7890810b\" data-element_type=\"widget\" data-e-type=\"widget\" data-settings=\"{&quot;step_next_label&quot;:&quot;N\\u00e4sta&quot;,&quot;step_previous_label&quot;:&quot;F\\u00f6reg\\u00e5ende&quot;,&quot;button_width&quot;:&quot;100&quot;,&quot;step_type&quot;:&quot;number_text&quot;,&quot;step_icon_shape&quot;:&quot;circle&quot;}\" data-widget_type=\"form.default\">\n\t\t\t\t<div class=\"elementor-widget-container\">\n\t\t\t\t\t\t\t<form class=\"elementor-form\" method=\"post\" name=\"Feedbackformul\u00e4r\" aria-label=\"Feedbackformul\u00e4r\">\n\t\t\t<input type=\"hidden\" name=\"post_id\" value=\"15079\"\/>\n\t\t\t<input type=\"hidden\" name=\"form_id\" value=\"7890810b\"\/>\n\t\t\t<input type=\"hidden\" name=\"referer_title\" value=\"Bli en av v\u00e5ra supportrar - Kammarorkestern Avanti!\" \/>\n\n\t\t\t\t\t\t\t<input type=\"hidden\" name=\"queried_id\" value=\"15079\"\/>\n\t\t\t\n\t\t\t<div class=\"elementor-form-fields-wrapper elementor-labels-\">\n\t\t\t\t\t\t\t\t<div class=\"elementor-field-type-text elementor-field-group elementor-column elementor-field-group-name elementor-col-50\">\n\t\t\t\t\t\t\t\t\t\t\t\t<label for=\"form-field-name\" class=\"elementor-field-label elementor-screen-only\">\n\t\t\t\t\t\t\t\tNamn\t\t\t\t\t\t\t<\/label>\n\t\t\t\t\t\t\t\t\t\t\t\t\t\t<input size=\"1\" type=\"text\" name=\"form_fields[name]\" id=\"form-field-name\" class=\"elementor-field elementor-size-sm  elementor-field-textual\" placeholder=\"Namn\">\n\t\t\t\t\t\t\t\t\t\t\t<\/div>\n\t\t\t\t\t\t\t\t<div class=\"elementor-field-type-email elementor-field-group elementor-column elementor-field-group-email elementor-col-50 elementor-field-required\">\n\t\t\t\t\t\t\t\t\t\t\t\t<label for=\"form-field-email\" class=\"elementor-field-label elementor-screen-only\">\n\t\t\t\t\t\t\t\tE-post\t\t\t\t\t\t\t<\/label>\n\t\t\t\t\t\t\t\t\t\t\t\t\t\t<input size=\"1\" type=\"email\" name=\"form_fields[email]\" id=\"form-field-email\" class=\"elementor-field elementor-size-sm  elementor-field-textual\" placeholder=\"E-post\" required=\"required\">\n\t\t\t\t\t\t\t\t\t\t\t<\/div>\n\t\t\t\t\t\t\t\t<div class=\"elementor-field-type-text elementor-field-group elementor-column elementor-field-group-field_9f7cf19 elementor-col-50\">\n\t\t\t\t\t\t\t\t\t\t\t\t<label for=\"form-field-field_9f7cf19\" class=\"elementor-field-label elementor-screen-only\">\n\t\t\t\t\t\t\t\tPostadress\t\t\t\t\t\t\t<\/label>\n\t\t\t\t\t\t\t\t\t\t\t\t\t\t<input size=\"1\" type=\"text\" name=\"form_fields[field_9f7cf19]\" id=\"form-field-field_9f7cf19\" class=\"elementor-field elementor-size-sm  elementor-field-textual\" placeholder=\"Postadress\">\n\t\t\t\t\t\t\t\t\t\t\t<\/div>\n\t\t\t\t\t\t\t\t<div class=\"elementor-field-type-number elementor-field-group elementor-column elementor-field-group-field_aea3a34 elementor-col-50\">\n\t\t\t\t\t\t\t\t\t\t\t\t<label for=\"form-field-field_aea3a34\" class=\"elementor-field-label elementor-screen-only\">\n\t\t\t\t\t\t\t\tPostadress\t\t\t\t\t\t\t<\/label>\n\t\t\t\t\t\t\t\t\t<input type=\"number\" name=\"form_fields[field_aea3a34]\" id=\"form-field-field_aea3a34\" class=\"elementor-field elementor-size-sm  elementor-field-textual\" placeholder=\"Postadress\" min=\"\" max=\"\" >\n\t\t\t\t\t\t<\/div>\n\t\t\t\t\t\t\t\t<div class=\"elementor-field-type-select elementor-field-group elementor-column elementor-field-group-field_5b19dfe elementor-col-100\">\n\t\t\t\t\t\t\t\t\t\t\t\t<label for=\"form-field-field_5b19dfe\" class=\"elementor-field-label elementor-screen-only\">\n\t\t\t\t\t\t\t\tJag vill ha nyhetsbrev\t\t\t\t\t\t\t<\/label>\n\t\t\t\t\t\t\t\t<div class=\"elementor-field elementor-select-wrapper remove-before \">\n\t\t\t<div class=\"select-caret-down-wrapper\">\n\t\t\t\t<svg aria-hidden=\"true\" class=\"e-font-icon-svg e-eicon-caret-down\" viewBox=\"0 0 571.4 571.4\" xmlns=\"http:\/\/www.w3.org\/2000\/svg\"><path d=\"M571 393Q571 407 561 418L311 668Q300 679 286 679T261 668L11 418Q0 407 0 393T11 368 36 357H536Q550 357 561 368T571 393Z\"><\/path><\/svg>\t\t\t<\/div>\n\t\t\t<select name=\"form_fields[field_5b19dfe]\" id=\"form-field-field_5b19dfe\" class=\"elementor-field-textual elementor-size-sm\">\n\t\t\t\t\t\t\t\t\t<option value=\"Jag vill ha nyhetsbrev\">Jag vill ha nyhetsbrev<\/option>\n\t\t\t\t\t\t\t\t\t<option value=\"Via e-post\">Via e-post<\/option>\n\t\t\t\t\t\t\t\t\t<option value=\"Via post\">Via post<\/option>\n\t\t\t\t\t\t\t<\/select>\n\t\t<\/div>\n\t\t\t\t\t\t<\/div>\n\t\t\t\t\t\t\t\t<div class=\"elementor-field-group elementor-column elementor-field-type-submit elementor-col-100 e-form__buttons\">\n\t\t\t\t\t<button class=\"elementor-button elementor-size-sm\" type=\"submit\">\n\t\t\t\t\t\t<span class=\"elementor-button-content-wrapper\">\n\t\t\t\t\t\t\t\t\t\t\t\t\t\t\t\t\t\t\t\t\t\t<span class=\"elementor-button-text\">Skicka till<\/span>\n\t\t\t\t\t\t\t\t\t\t\t\t\t<\/span>\n\t\t\t\t\t<\/button>\n\t\t\t\t<\/div>\n\t\t\t<\/div>\n\t\t<\/form>\n\t\t\t\t\t\t<\/div>\n\t\t\t\t<\/div>\n\t\t\t\t<div class=\"elementor-element elementor-element-85b8c8f elementor-widget elementor-widget-text-editor\" data-id=\"85b8c8f\" data-element_type=\"widget\" data-e-type=\"widget\" data-widget_type=\"text-editor.default\">\n\t\t\t\t<div class=\"elementor-widget-container\">\n\t\t\t\t\t\t\t\t\t<section class=\"av_textblock_section \"><div class=\"avia_textblock \"><section class=\"av_textblock_section \"><div class=\"avia_textblock \"><p>Kontaktuppgifter till supportermedlemmar kommer att behandlas konfidentiellt och kommer inte att l\u00e4mnas ut till tredje part. Postadressen anv\u00e4nds fr\u00e4mst f\u00f6r fakturan p\u00e5 30 euro f\u00f6r \u00e5rsavgiften, som skickas per post till supportermedlemmen under v\u00e5rs\u00e4songen. Om medlemsavgiften inte betalas senast p\u00e5 fakturans f\u00f6rfallodag kommer supportermedlemmens uppgifter att tas bort fr\u00e5n Avants register \u00f6ver supportermedlemmar och f\u00f6rm\u00e5nerna kommer ocks\u00e5 att upph\u00f6ra.<\/p><p>Den e-postadress som supportermedlemmen uppger anv\u00e4nds endast f\u00f6r Avants informationsverksamhet (medlemsbrev). Supportermedlemskapet \u00e4r icke-bindande och kan n\u00e4r som helst \u00e5terkallas.<\/p><\/div><\/section><\/div><\/section>\t\t\t\t\t\t\t\t<\/div>\n\t\t\t\t<\/div>\n\t\t\t\t\t<\/div>\n\t\t<\/div>\n\t\t\t\t\t<\/div>\n\t\t<\/section>\n\t\t\t\t<\/div>\n\t\t","protected":false},"excerpt":{"rendered":"<p>Bli en st\u00f6djande medlem V\u00e4nner till Avant Friends of Avant \u00e4r en viktig del av orkesterns verksamhet. Som st\u00f6dmedlem f\u00e5r du information om Avants program och nyheter via e-post. F\u00f6r mer information, v\u00e4nligen skicka ett e-postmeddelande till dem som har betalat sin medlemsavgift eller bes\u00f6k avanti@avantimusic.fi. Avgiften f\u00f6r supportermedlemskap \u00e4r 30 euro per \u00e5r. Bli [&hellip;]<\/p>\n","protected":false},"author":3,"featured_media":0,"parent":0,"menu_order":0,"comment_status":"closed","ping_status":"closed","template":"full-width.php","meta":{"_acf_changed":false,"footnotes":""},"class_list":["post-15079","page","type-page","status-publish","hentry"],"acf":[],"yoast_head":"<!-- This site is optimized with the Yoast SEO plugin v27.4 - https:\/\/yoast.com\/product\/yoast-seo-wordpress\/ -->\n<title>Bli en av v\u00e5ra supportrar - Kammarorkestern Avanti!<\/title>\n<meta name=\"description\" content=\"Friends of Avant \u00e4r en viktig del av orkesterns verksamhet. Som st\u00f6dmedlem f\u00e5r du information om Avants program och nyheter via e-post.\" \/>\n<meta name=\"robots\" content=\"index, follow, max-snippet:-1, max-image-preview:large, max-video-preview:-1\" \/>\n<link rel=\"canonical\" href=\"https:\/\/avantimusic.fi\/sv\/bli-stodmedlem\/\" \/>\n<meta property=\"og:locale\" content=\"sv_SE\" \/>\n<meta property=\"og:type\" content=\"article\" \/>\n<meta property=\"og:title\" content=\"Bli en av v\u00e5ra supportrar - Kammarorkestern Avanti!\" \/>\n<meta property=\"og:description\" content=\"Friends of Avant \u00e4r en viktig del av orkesterns verksamhet. Som st\u00f6dmedlem f\u00e5r du information om Avants program och nyheter via e-post.\" \/>\n<meta property=\"og:url\" content=\"https:\/\/avantimusic.fi\/sv\/bli-stodmedlem\/\" \/>\n<meta property=\"og:site_name\" content=\"Kamariorkesteri Avanti!\" \/>\n<meta property=\"article:modified_time\" content=\"2025-09-04T07:05:29+00:00\" \/>\n<meta property=\"og:image\" content=\"https:\/\/avantimusic.fi\/wp-content\/uploads\/2019\/08\/AVANTIcolor90.jpg\" \/>\n\t<meta property=\"og:image:width\" content=\"1920\" \/>\n\t<meta property=\"og:image:height\" content=\"1047\" \/>\n\t<meta property=\"og:image:type\" content=\"image\/jpeg\" \/>\n<meta name=\"twitter:card\" content=\"summary_large_image\" \/>\n<meta name=\"twitter:label1\" content=\"Ber\u00e4knad l\u00e4stid\" \/>\n\t<meta name=\"twitter:data1\" content=\"1 minut\" \/>\n<script type=\"application\/ld+json\" class=\"yoast-schema-graph\">{\"@context\":\"https:\\\/\\\/schema.org\",\"@graph\":[{\"@type\":\"WebPage\",\"@id\":\"https:\\\/\\\/avantimusic.fi\\\/sv\\\/bli-stodmedlem\\\/\",\"url\":\"https:\\\/\\\/avantimusic.fi\\\/sv\\\/bli-stodmedlem\\\/\",\"name\":\"Bli en av v\u00e5ra supportrar - Kammarorkestern Avanti!\",\"isPartOf\":{\"@id\":\"https:\\\/\\\/avantimusic.fi\\\/sv\\\/#website\"},\"datePublished\":\"2025-03-17T06:16:55+00:00\",\"dateModified\":\"2025-09-04T07:05:29+00:00\",\"description\":\"Friends of Avant \u00e4r en viktig del av orkesterns verksamhet. Som st\u00f6dmedlem f\u00e5r du information om Avants program och nyheter via e-post.\",\"breadcrumb\":{\"@id\":\"https:\\\/\\\/avantimusic.fi\\\/sv\\\/bli-stodmedlem\\\/#breadcrumb\"},\"inLanguage\":\"sv-SE\",\"potentialAction\":[{\"@type\":\"ReadAction\",\"target\":[\"https:\\\/\\\/avantimusic.fi\\\/sv\\\/bli-stodmedlem\\\/\"]}]},{\"@type\":\"BreadcrumbList\",\"@id\":\"https:\\\/\\\/avantimusic.fi\\\/sv\\\/bli-stodmedlem\\\/#breadcrumb\",\"itemListElement\":[{\"@type\":\"ListItem\",\"position\":1,\"name\":\"Hem\",\"item\":\"https:\\\/\\\/avantimusic.fi\\\/sv\\\/\"},{\"@type\":\"ListItem\",\"position\":2,\"name\":\"Bli st\u00f6dmedlem\"}]},{\"@type\":\"WebSite\",\"@id\":\"https:\\\/\\\/avantimusic.fi\\\/sv\\\/#website\",\"url\":\"https:\\\/\\\/avantimusic.fi\\\/sv\\\/\",\"name\":\"Kamariorkesteri Avanti!\",\"description\":\"Virallinen sivusto\",\"potentialAction\":[{\"@type\":\"SearchAction\",\"target\":{\"@type\":\"EntryPoint\",\"urlTemplate\":\"https:\\\/\\\/avantimusic.fi\\\/sv\\\/?s={search_term_string}\"},\"query-input\":{\"@type\":\"PropertyValueSpecification\",\"valueRequired\":true,\"valueName\":\"search_term_string\"}}],\"inLanguage\":\"sv-SE\"}]}<\/script>\n<!-- \/ Yoast SEO plugin. -->","yoast_head_json":{"title":"Bli en av v\u00e5ra supportrar - Kammarorkestern Avanti!","description":"Friends of Avant \u00e4r en viktig del av orkesterns verksamhet. Som st\u00f6dmedlem f\u00e5r du information om Avants program och nyheter via e-post.","robots":{"index":"index","follow":"follow","max-snippet":"max-snippet:-1","max-image-preview":"max-image-preview:large","max-video-preview":"max-video-preview:-1"},"canonical":"https:\/\/avantimusic.fi\/sv\/bli-stodmedlem\/","og_locale":"sv_SE","og_type":"article","og_title":"Bli en av v\u00e5ra supportrar - Kammarorkestern Avanti!","og_description":"Friends of Avant \u00e4r en viktig del av orkesterns verksamhet. Som st\u00f6dmedlem f\u00e5r du information om Avants program och nyheter via e-post.","og_url":"https:\/\/avantimusic.fi\/sv\/bli-stodmedlem\/","og_site_name":"Kamariorkesteri Avanti!","article_modified_time":"2025-09-04T07:05:29+00:00","og_image":[{"width":1920,"height":1047,"url":"https:\/\/avantimusic.fi\/wp-content\/uploads\/2019\/08\/AVANTIcolor90.jpg","type":"image\/jpeg"}],"twitter_card":"summary_large_image","twitter_misc":{"Ber\u00e4knad l\u00e4stid":"1 minut"},"schema":{"@context":"https:\/\/schema.org","@graph":[{"@type":"WebPage","@id":"https:\/\/avantimusic.fi\/sv\/bli-stodmedlem\/","url":"https:\/\/avantimusic.fi\/sv\/bli-stodmedlem\/","name":"Bli en av v\u00e5ra supportrar - Kammarorkestern Avanti!","isPartOf":{"@id":"https:\/\/avantimusic.fi\/sv\/#website"},"datePublished":"2025-03-17T06:16:55+00:00","dateModified":"2025-09-04T07:05:29+00:00","description":"Friends of Avant \u00e4r en viktig del av orkesterns verksamhet. Som st\u00f6dmedlem f\u00e5r du information om Avants program och nyheter via e-post.","breadcrumb":{"@id":"https:\/\/avantimusic.fi\/sv\/bli-stodmedlem\/#breadcrumb"},"inLanguage":"sv-SE","potentialAction":[{"@type":"ReadAction","target":["https:\/\/avantimusic.fi\/sv\/bli-stodmedlem\/"]}]},{"@type":"BreadcrumbList","@id":"https:\/\/avantimusic.fi\/sv\/bli-stodmedlem\/#breadcrumb","itemListElement":[{"@type":"ListItem","position":1,"name":"Hem","item":"https:\/\/avantimusic.fi\/sv\/"},{"@type":"ListItem","position":2,"name":"Bli st\u00f6dmedlem"}]},{"@type":"WebSite","@id":"https:\/\/avantimusic.fi\/sv\/#website","url":"https:\/\/avantimusic.fi\/sv\/","name":"Kamariorkesteri Avanti!","description":"Virallinen sivusto","potentialAction":[{"@type":"SearchAction","target":{"@type":"EntryPoint","urlTemplate":"https:\/\/avantimusic.fi\/sv\/?s={search_term_string}"},"query-input":{"@type":"PropertyValueSpecification","valueRequired":true,"valueName":"search_term_string"}}],"inLanguage":"sv-SE"}]}},"publishpress_future_action":{"enabled":false,"date":"2026-04-22 19:12:45","action":"change-status","newStatus":"draft","terms":[],"taxonomy":"translation_priority","extraData":[]},"publishpress_future_workflow_manual_trigger":{"enabledWorkflows":[]},"_links":{"self":[{"href":"https:\/\/avantimusic.fi\/sv\/wp-json\/wp\/v2\/pages\/15079","targetHints":{"allow":["GET"]}}],"collection":[{"href":"https:\/\/avantimusic.fi\/sv\/wp-json\/wp\/v2\/pages"}],"about":[{"href":"https:\/\/avantimusic.fi\/sv\/wp-json\/wp\/v2\/types\/page"}],"author":[{"embeddable":true,"href":"https:\/\/avantimusic.fi\/sv\/wp-json\/wp\/v2\/users\/3"}],"replies":[{"embeddable":true,"href":"https:\/\/avantimusic.fi\/sv\/wp-json\/wp\/v2\/comments?post=15079"}],"version-history":[{"count":4,"href":"https:\/\/avantimusic.fi\/sv\/wp-json\/wp\/v2\/pages\/15079\/revisions"}],"predecessor-version":[{"id":17896,"href":"https:\/\/avantimusic.fi\/sv\/wp-json\/wp\/v2\/pages\/15079\/revisions\/17896"}],"wp:attachment":[{"href":"https:\/\/avantimusic.fi\/sv\/wp-json\/wp\/v2\/media?parent=15079"}],"curies":[{"name":"wp","href":"https:\/\/api.w.org\/{rel}","templated":true}]}}