{"id":15005,"date":"2025-03-14T13:00:56","date_gmt":"2025-03-14T11:00:56","guid":{"rendered":"https:\/\/avantimusic.fi\/nyhetsbrev\/"},"modified":"2025-09-04T09:50:16","modified_gmt":"2025-09-04T06:50:16","slug":"nyhetsbrev","status":"publish","type":"page","link":"https:\/\/avantimusic.fi\/sv\/nyhetsbrev\/","title":{"rendered":"Nyhetsbrev"},"content":{"rendered":"\t\t<div data-elementor-type=\"wp-page\" data-elementor-id=\"15005\" class=\"elementor elementor-15005 elementor-12672\" data-elementor-post-type=\"page\">\n\t\t\t\t\t\t<section class=\"elementor-section elementor-top-section elementor-element elementor-element-6c4fabf elementor-section-full_width elementor-section-height-min-height elementor-section-height-default elementor-section-items-middle\" data-id=\"6c4fabf\" data-element_type=\"section\" data-e-type=\"section\" data-settings=\"{&quot;background_background&quot;:&quot;classic&quot;,&quot;jet_parallax_layout_list&quot;:[]}\">\n\t\t\t\t\t\t<div class=\"elementor-container elementor-column-gap-default\">\n\t\t\t\t\t<div class=\"elementor-column elementor-col-100 elementor-top-column elementor-element elementor-element-8c4110a\" data-id=\"8c4110a\" data-element_type=\"column\" data-e-type=\"column\" data-settings=\"{&quot;background_background&quot;:&quot;classic&quot;}\">\n\t\t\t<div class=\"elementor-widget-wrap elementor-element-populated\">\n\t\t\t\t\t\t<div class=\"elementor-element elementor-element-1dae6d6 elementor-widget elementor-widget-heading\" data-id=\"1dae6d6\" data-element_type=\"widget\" data-e-type=\"widget\" data-widget_type=\"heading.default\">\n\t\t\t\t<div class=\"elementor-widget-container\">\n\t\t\t\t\t<h1 class=\"elementor-heading-title elementor-size-default\">Nyhetsbrev<\/h1>\t\t\t\t<\/div>\n\t\t\t\t<\/div>\n\t\t\t\t\t<\/div>\n\t\t<\/div>\n\t\t\t\t\t<\/div>\n\t\t<\/section>\n\t\t\t\t<section class=\"elementor-section elementor-top-section elementor-element elementor-element-1807cfd elementor-section-boxed elementor-section-height-default elementor-section-height-default\" data-id=\"1807cfd\" data-element_type=\"section\" data-e-type=\"section\" data-settings=\"{&quot;jet_parallax_layout_list&quot;:[]}\">\n\t\t\t\t\t\t<div class=\"elementor-container elementor-column-gap-default\">\n\t\t\t\t\t<div class=\"elementor-column elementor-col-100 elementor-top-column elementor-element elementor-element-deb7f8e\" data-id=\"deb7f8e\" data-element_type=\"column\" data-e-type=\"column\">\n\t\t\t<div class=\"elementor-widget-wrap elementor-element-populated\">\n\t\t\t\t\t\t<div class=\"elementor-element elementor-element-8067ef6 elementor-widget elementor-widget-contact-form-7\" data-id=\"8067ef6\" data-element_type=\"widget\" data-e-type=\"widget\" data-widget_type=\"contact-form-7.default\">\n\t\t\t\t<div class=\"elementor-widget-container\">\n\t\t\t\t\t<div class=\"elementor-contact-form-7 jet-elements\">\n<div class=\"wpcf7 no-js\" id=\"wpcf7-f15451-o1\" lang=\"sv-SE\" dir=\"ltr\" data-wpcf7-id=\"15451\">\n<div class=\"screen-reader-response\"><p role=\"status\" aria-live=\"polite\" aria-atomic=\"true\"><\/p> <ul><\/ul><\/div>\n<form action=\"\/sv\/wp-json\/wp\/v2\/pages\/15005#wpcf7-f15451-o1\" method=\"post\" class=\"wpcf7-form init\" aria-label=\"Kontaktformul\u00e4r\" novalidate=\"novalidate\" data-status=\"init\">\n<fieldset class=\"hidden-fields-container\"><input type=\"hidden\" name=\"_wpcf7\" value=\"15451\" \/><input type=\"hidden\" name=\"_wpcf7_version\" value=\"6.1.5\" \/><input type=\"hidden\" name=\"_wpcf7_locale\" value=\"sv_SE\" \/><input type=\"hidden\" name=\"_wpcf7_unit_tag\" value=\"wpcf7-f15451-o1\" \/><input type=\"hidden\" name=\"_wpcf7_container_post\" value=\"0\" \/><input type=\"hidden\" name=\"_wpcf7_posted_data_hash\" value=\"\" \/>\n<\/fieldset>\n<p><label> Namn<br \/>\n<span class=\"wpcf7-form-control-wrap\" data-name=\"your-name\"><input size=\"40\" maxlength=\"400\" class=\"wpcf7-form-control wpcf7-text wpcf7-validates-as-required\" autocomplete=\"name\" aria-required=\"true\" aria-invalid=\"false\" value=\"\" type=\"text\" name=\"your-name\" \/><\/span> <\/label>\n<\/p>\n<p><label> E-post<br \/>\n<span class=\"wpcf7-form-control-wrap\" data-name=\"your-email\"><input size=\"40\" maxlength=\"400\" class=\"wpcf7-form-control wpcf7-email wpcf7-validates-as-required wpcf7-text wpcf7-validates-as-email\" autocomplete=\"email\" aria-required=\"true\" aria-invalid=\"false\" value=\"\" type=\"email\" name=\"your-email\" \/><\/span> <\/label>\n<\/p>\n<p><span class=\"wpcf7-form-control-wrap\" data-name=\"acceptance-476\"><span class=\"wpcf7-form-control wpcf7-acceptance\"><span class=\"wpcf7-list-item\"><label><input type=\"checkbox\" name=\"acceptance-476\" value=\"1\" aria-invalid=\"false\" \/><span class=\"wpcf7-list-item-label\">Avanti f\u00e5r skicka mig information om konserter (obligatoriskt).<\/span><\/label><\/span><\/span><\/span>\n<\/p>\n<p><input class=\"wpcf7-form-control wpcf7-submit has-spinner\" type=\"submit\" value=\"Prenumerera p\u00e5\" \/>\n<\/p><p style=\"display: none !important;\" class=\"akismet-fields-container\" data-prefix=\"_wpcf7_ak_\"><label>&#916;<textarea name=\"_wpcf7_ak_hp_textarea\" cols=\"45\" rows=\"8\" maxlength=\"100\"><\/textarea><\/label><input type=\"hidden\" id=\"ak_js_1\" name=\"_wpcf7_ak_js\" value=\"194\"\/><script>document.getElementById( \"ak_js_1\" ).setAttribute( \"value\", ( new Date() ).getTime() );<\/script><\/p><div class=\"wpcf7-response-output\" aria-hidden=\"true\"><\/div>\n<\/form>\n<\/div>\n<\/div>\t\t\t\t<\/div>\n\t\t\t\t<\/div>\n\t\t\t\t\t<\/div>\n\t\t<\/div>\n\t\t\t\t\t<\/div>\n\t\t<\/section>\n\t\t\t\t<\/div>\n\t\t","protected":false},"excerpt":{"rendered":"<p>Nyhetsbrev Nimi S\u00e4hk\u00f6posti Avanti saa l\u00e4hett\u00e4\u00e4 minulle tietoa konserteista (pakollinen). &#916;<\/p>\n","protected":false},"author":3,"featured_media":0,"parent":0,"menu_order":0,"comment_status":"closed","ping_status":"closed","template":"full-width.php","meta":{"_acf_changed":false,"footnotes":""},"class_list":["post-15005","page","type-page","status-publish","hentry"],"acf":[],"yoast_head":"<!-- This site is optimized with the Yoast SEO plugin v27.4 - https:\/\/yoast.com\/product\/yoast-seo-wordpress\/ -->\n<title>Prenumerera p\u00e5 v\u00e5rt nyhetsbrev | Kammarorkestern Avanti!<\/title>\n<meta name=\"description\" content=\"Prenumerera p\u00e5 v\u00e5rt kostnadsfria nyhetsbrev och bli f\u00f6rst med att f\u00e5 veta mer om kommande konserter och evenemang.\" \/>\n<meta name=\"robots\" content=\"index, follow, max-snippet:-1, max-image-preview:large, max-video-preview:-1\" \/>\n<link rel=\"canonical\" href=\"https:\/\/avantimusic.fi\/sv\/nyhetsbrev\/\" \/>\n<meta property=\"og:locale\" content=\"sv_SE\" \/>\n<meta property=\"og:type\" content=\"article\" \/>\n<meta property=\"og:title\" content=\"Prenumerera p\u00e5 v\u00e5rt nyhetsbrev | Kammarorkestern Avanti!\" \/>\n<meta property=\"og:description\" content=\"Prenumerera p\u00e5 v\u00e5rt kostnadsfria nyhetsbrev och bli f\u00f6rst med att f\u00e5 veta mer om kommande konserter och evenemang.\" \/>\n<meta property=\"og:url\" content=\"https:\/\/avantimusic.fi\/sv\/nyhetsbrev\/\" \/>\n<meta property=\"og:site_name\" content=\"Kamariorkesteri Avanti!\" \/>\n<meta property=\"article:modified_time\" content=\"2025-09-04T06:50:16+00:00\" \/>\n<meta property=\"og:image\" content=\"https:\/\/avantimusic.fi\/wp-content\/uploads\/2019\/08\/AVANTIcolor90.jpg\" \/>\n\t<meta property=\"og:image:width\" content=\"1920\" \/>\n\t<meta property=\"og:image:height\" content=\"1047\" \/>\n\t<meta property=\"og:image:type\" content=\"image\/jpeg\" \/>\n<meta name=\"twitter:card\" content=\"summary_large_image\" \/>\n<script type=\"application\/ld+json\" class=\"yoast-schema-graph\">{\"@context\":\"https:\\\/\\\/schema.org\",\"@graph\":[{\"@type\":\"WebPage\",\"@id\":\"https:\\\/\\\/avantimusic.fi\\\/sv\\\/nyhetsbrev\\\/\",\"url\":\"https:\\\/\\\/avantimusic.fi\\\/sv\\\/nyhetsbrev\\\/\",\"name\":\"Prenumerera p\u00e5 v\u00e5rt nyhetsbrev | Kammarorkestern Avanti!\",\"isPartOf\":{\"@id\":\"https:\\\/\\\/avantimusic.fi\\\/sv\\\/#website\"},\"datePublished\":\"2025-03-14T11:00:56+00:00\",\"dateModified\":\"2025-09-04T06:50:16+00:00\",\"description\":\"Prenumerera p\u00e5 v\u00e5rt kostnadsfria nyhetsbrev och bli f\u00f6rst med att f\u00e5 veta mer om kommande konserter och evenemang.\",\"breadcrumb\":{\"@id\":\"https:\\\/\\\/avantimusic.fi\\\/sv\\\/nyhetsbrev\\\/#breadcrumb\"},\"inLanguage\":\"sv-SE\",\"potentialAction\":[{\"@type\":\"ReadAction\",\"target\":[\"https:\\\/\\\/avantimusic.fi\\\/sv\\\/nyhetsbrev\\\/\"]}]},{\"@type\":\"BreadcrumbList\",\"@id\":\"https:\\\/\\\/avantimusic.fi\\\/sv\\\/nyhetsbrev\\\/#breadcrumb\",\"itemListElement\":[{\"@type\":\"ListItem\",\"position\":1,\"name\":\"Hem\",\"item\":\"https:\\\/\\\/avantimusic.fi\\\/sv\\\/\"},{\"@type\":\"ListItem\",\"position\":2,\"name\":\"Nyhetsbrev\"}]},{\"@type\":\"WebSite\",\"@id\":\"https:\\\/\\\/avantimusic.fi\\\/sv\\\/#website\",\"url\":\"https:\\\/\\\/avantimusic.fi\\\/sv\\\/\",\"name\":\"Kamariorkesteri Avanti!\",\"description\":\"Virallinen sivusto\",\"potentialAction\":[{\"@type\":\"SearchAction\",\"target\":{\"@type\":\"EntryPoint\",\"urlTemplate\":\"https:\\\/\\\/avantimusic.fi\\\/sv\\\/?s={search_term_string}\"},\"query-input\":{\"@type\":\"PropertyValueSpecification\",\"valueRequired\":true,\"valueName\":\"search_term_string\"}}],\"inLanguage\":\"sv-SE\"}]}<\/script>\n<!-- \/ Yoast SEO plugin. -->","yoast_head_json":{"title":"Prenumerera p\u00e5 v\u00e5rt nyhetsbrev | Kammarorkestern Avanti!","description":"Prenumerera p\u00e5 v\u00e5rt kostnadsfria nyhetsbrev och bli f\u00f6rst med att f\u00e5 veta mer om kommande konserter och evenemang.","robots":{"index":"index","follow":"follow","max-snippet":"max-snippet:-1","max-image-preview":"max-image-preview:large","max-video-preview":"max-video-preview:-1"},"canonical":"https:\/\/avantimusic.fi\/sv\/nyhetsbrev\/","og_locale":"sv_SE","og_type":"article","og_title":"Prenumerera p\u00e5 v\u00e5rt nyhetsbrev | Kammarorkestern Avanti!","og_description":"Prenumerera p\u00e5 v\u00e5rt kostnadsfria nyhetsbrev och bli f\u00f6rst med att f\u00e5 veta mer om kommande konserter och evenemang.","og_url":"https:\/\/avantimusic.fi\/sv\/nyhetsbrev\/","og_site_name":"Kamariorkesteri Avanti!","article_modified_time":"2025-09-04T06:50:16+00:00","og_image":[{"width":1920,"height":1047,"url":"https:\/\/avantimusic.fi\/wp-content\/uploads\/2019\/08\/AVANTIcolor90.jpg","type":"image\/jpeg"}],"twitter_card":"summary_large_image","schema":{"@context":"https:\/\/schema.org","@graph":[{"@type":"WebPage","@id":"https:\/\/avantimusic.fi\/sv\/nyhetsbrev\/","url":"https:\/\/avantimusic.fi\/sv\/nyhetsbrev\/","name":"Prenumerera p\u00e5 v\u00e5rt nyhetsbrev | Kammarorkestern Avanti!","isPartOf":{"@id":"https:\/\/avantimusic.fi\/sv\/#website"},"datePublished":"2025-03-14T11:00:56+00:00","dateModified":"2025-09-04T06:50:16+00:00","description":"Prenumerera p\u00e5 v\u00e5rt kostnadsfria nyhetsbrev och bli f\u00f6rst med att f\u00e5 veta mer om kommande konserter och evenemang.","breadcrumb":{"@id":"https:\/\/avantimusic.fi\/sv\/nyhetsbrev\/#breadcrumb"},"inLanguage":"sv-SE","potentialAction":[{"@type":"ReadAction","target":["https:\/\/avantimusic.fi\/sv\/nyhetsbrev\/"]}]},{"@type":"BreadcrumbList","@id":"https:\/\/avantimusic.fi\/sv\/nyhetsbrev\/#breadcrumb","itemListElement":[{"@type":"ListItem","position":1,"name":"Hem","item":"https:\/\/avantimusic.fi\/sv\/"},{"@type":"ListItem","position":2,"name":"Nyhetsbrev"}]},{"@type":"WebSite","@id":"https:\/\/avantimusic.fi\/sv\/#website","url":"https:\/\/avantimusic.fi\/sv\/","name":"Kamariorkesteri Avanti!","description":"Virallinen sivusto","potentialAction":[{"@type":"SearchAction","target":{"@type":"EntryPoint","urlTemplate":"https:\/\/avantimusic.fi\/sv\/?s={search_term_string}"},"query-input":{"@type":"PropertyValueSpecification","valueRequired":true,"valueName":"search_term_string"}}],"inLanguage":"sv-SE"}]}},"publishpress_future_action":{"enabled":false,"date":"2026-04-22 19:13:17","action":"change-status","newStatus":"draft","terms":[],"taxonomy":"translation_priority","extraData":[]},"publishpress_future_workflow_manual_trigger":{"enabledWorkflows":[]},"_links":{"self":[{"href":"https:\/\/avantimusic.fi\/sv\/wp-json\/wp\/v2\/pages\/15005","targetHints":{"allow":["GET"]}}],"collection":[{"href":"https:\/\/avantimusic.fi\/sv\/wp-json\/wp\/v2\/pages"}],"about":[{"href":"https:\/\/avantimusic.fi\/sv\/wp-json\/wp\/v2\/types\/page"}],"author":[{"embeddable":true,"href":"https:\/\/avantimusic.fi\/sv\/wp-json\/wp\/v2\/users\/3"}],"replies":[{"embeddable":true,"href":"https:\/\/avantimusic.fi\/sv\/wp-json\/wp\/v2\/comments?post=15005"}],"version-history":[{"count":4,"href":"https:\/\/avantimusic.fi\/sv\/wp-json\/wp\/v2\/pages\/15005\/revisions"}],"predecessor-version":[{"id":17872,"href":"https:\/\/avantimusic.fi\/sv\/wp-json\/wp\/v2\/pages\/15005\/revisions\/17872"}],"wp:attachment":[{"href":"https:\/\/avantimusic.fi\/sv\/wp-json\/wp\/v2\/media?parent=15005"}],"curies":[{"name":"wp","href":"https:\/\/api.w.org\/{rel}","templated":true}]}}