{"id":14970,"date":"2025-03-06T15:09:24","date_gmt":"2025-03-06T13:09:24","guid":{"rendered":"https:\/\/avantimusic.fi\/klubb\/"},"modified":"2025-06-09T14:40:57","modified_gmt":"2025-06-09T11:40:57","slug":"klubb","status":"publish","type":"page","link":"https:\/\/avantimusic.fi\/sv\/klubb\/","title":{"rendered":"Klubb"},"content":{"rendered":"\t\t<div data-elementor-type=\"wp-page\" data-elementor-id=\"14970\" class=\"elementor elementor-14970 elementor-12254\" data-elementor-post-type=\"page\">\n\t\t\t\t\t\t<section class=\"elementor-section elementor-top-section elementor-element elementor-element-6c4fabf elementor-section-height-min-height elementor-section-boxed elementor-section-height-default elementor-section-items-middle\" data-id=\"6c4fabf\" data-element_type=\"section\" data-e-type=\"section\" data-settings=\"{&quot;background_background&quot;:&quot;slideshow&quot;,&quot;background_slideshow_gallery&quot;:[{&quot;id&quot;:14910,&quot;url&quot;:&quot;https:\\\/\\\/avantimusic.fi\\\/wp-content\\\/uploads\\\/2025\\\/04\\\/Konsertit.-Nettisivupohja-2560-x-1440-1.png&quot;}],&quot;background_slideshow_slide_duration&quot;:4000,&quot;jet_parallax_layout_list&quot;:[],&quot;shape_divider_bottom&quot;:&quot;triangle&quot;,&quot;shape_divider_bottom_negative&quot;:&quot;yes&quot;,&quot;background_slideshow_loop&quot;:&quot;yes&quot;,&quot;background_slideshow_slide_transition&quot;:&quot;fade&quot;,&quot;background_slideshow_transition_duration&quot;:500}\">\n\t\t\t\t\t<div class=\"elementor-shape elementor-shape-bottom\" aria-hidden=\"true\" data-negative=\"true\">\n\t\t\t<svg xmlns=\"http:\/\/www.w3.org\/2000\/svg\" viewBox=\"0 0 1000 100\" preserveAspectRatio=\"none\">\n\t<path class=\"elementor-shape-fill\" d=\"M500.2,94.7L0,0v100h1000V0L500.2,94.7z\"\/>\n<\/svg>\t\t<\/div>\n\t\t\t\t\t<div class=\"elementor-container elementor-column-gap-default\">\n\t\t\t\t\t<div class=\"elementor-column elementor-col-100 elementor-top-column elementor-element elementor-element-8c4110a\" data-id=\"8c4110a\" data-element_type=\"column\" data-e-type=\"column\" data-settings=\"{&quot;background_background&quot;:&quot;classic&quot;}\">\n\t\t\t<div class=\"elementor-widget-wrap elementor-element-populated\">\n\t\t\t\t\t\t<div class=\"elementor-element elementor-element-1aff4c80 elementor-widget elementor-widget-heading\" data-id=\"1aff4c80\" data-element_type=\"widget\" data-e-type=\"widget\" data-widget_type=\"heading.default\">\n\t\t\t\t<div class=\"elementor-widget-container\">\n\t\t\t\t\t<h1 class=\"elementor-heading-title elementor-size-default\">Klubb<\/h1>\t\t\t\t<\/div>\n\t\t\t\t<\/div>\n\t\t\t\t\t<\/div>\n\t\t<\/div>\n\t\t\t\t\t<\/div>\n\t\t<\/section>\n\t\t\t\t<section class=\"elementor-section elementor-top-section elementor-element elementor-element-68873f42 elementor-section-boxed elementor-section-height-default elementor-section-height-default\" data-id=\"68873f42\" data-element_type=\"section\" data-e-type=\"section\" data-settings=\"{&quot;jet_parallax_layout_list&quot;:[]}\">\n\t\t\t\t\t\t<div class=\"elementor-container elementor-column-gap-default\">\n\t\t\t\t\t<div class=\"elementor-column elementor-col-100 elementor-top-column elementor-element elementor-element-74e98d2a\" data-id=\"74e98d2a\" data-element_type=\"column\" data-e-type=\"column\">\n\t\t\t<div class=\"elementor-widget-wrap elementor-element-populated\">\n\t\t\t\t\t\t<div class=\"elementor-element elementor-element-462e866 raven-advaned-posts-equal-height-yes elementor-widget elementor-widget-raven-advanced-posts\" data-id=\"462e866\" data-element_type=\"widget\" data-e-type=\"widget\" data-settings=\"{&quot;load_effect&quot;:&quot;fade-in&quot;,&quot;query_posts_per_page&quot;:-1,&quot;columns&quot;:&quot;1&quot;,&quot;columns_tablet&quot;:&quot;1&quot;,&quot;general_layout&quot;:&quot;grid&quot;,&quot;columns_mobile&quot;:&quot;1&quot;,&quot;query_orderby&quot;:&quot;date&quot;,&quot;query_offset&quot;:0}\" data-widget_type=\"raven-advanced-posts.default\">\n\t\t\t\t<div class=\"elementor-widget-container\">\n\t\t\t\t\t\t\t<div class=\"raven-posts raven-posts-grid\">\n\t\t\t\t\t\t<div class=\"advanced-posts-content content-layout-side raven-grid raven-grid-1 raven-grid-mobile-1 raven-grid-tablet-1  \" data-post-id=\"14970\" data-archive-query=\"\">\n\t\t\t\t<div class=\"raven-posts-item raven-grid-item  \"><div class=\"raven-post-wrapper raven-posts-load-effect raven-post-effect-fade-in\"><div class=\"raven-post raven-post-inline raven-post-inline-left \"><div class=\"raven-post-image-wrap\"><a class=\"raven-post-image raven-image-fit\" href=\"https:\/\/avantimusic.fi\/sv\/portfolio\/avanti-klubb-minna-leinonen-7\/\"> <img fetchpriority=\"high\" decoding=\"async\" width=\"1030\" height=\"539\" src=\"https:\/\/avantimusic.fi\/wp-content\/uploads\/2026\/03\/liveatthebar-anhaus-1030x539.jpg\" class=\"attachment-large size-large wp-image-19848\" alt=\"\" srcset=\"https:\/\/avantimusic.fi\/wp-content\/uploads\/2026\/03\/liveatthebar-anhaus-1030x539.jpg 1030w, https:\/\/avantimusic.fi\/wp-content\/uploads\/2026\/03\/liveatthebar-anhaus-600x314.jpg 600w, https:\/\/avantimusic.fi\/wp-content\/uploads\/2026\/03\/liveatthebar-anhaus-768x402.jpg 768w, https:\/\/avantimusic.fi\/wp-content\/uploads\/2026\/03\/liveatthebar-anhaus-1536x804.jpg 1536w, https:\/\/avantimusic.fi\/wp-content\/uploads\/2026\/03\/liveatthebar-anhaus-2048x1072.jpg 2048w\" sizes=\"(max-width: 1030px) 100vw, 1030px\" \/><span class=\"raven-post-image-overlay\"><\/span><\/a><\/div><div class=\"raven-post-content-container\"><div class=\"raven-post-content\" data-id=\"19813\"><div class=\"raven-post-meta\"><span class=\"raven-post-meta-item raven-post-categories\"><a href=\"https:\/\/avantimusic.fi\/sv\/portfolio-category\/avanti-club\/\" rel=\"tag\">Avanti Club<\/a>, <a href=\"https:\/\/avantimusic.fi\/sv\/portfolio-category\/avanti-konserter\/\" rel=\"tag\">Avanti Konserter<\/a><\/span><\/div><h3 class=\"raven-post-title\"><a class=\"raven-post-title-link\" href=\"https:\/\/avantimusic.fi\/sv\/portfolio\/avanti-klubb-minna-leinonen-7\/\">Live at the Bar: Avanti x Alberto ANHAUS<\/a><\/h3><div class=\"raven-post-excerpt\">FRE 17.4.2025 kl. 20 | Post Bar, Helsinki<\/div><div class=\"raven-post-read-more\"><a class=\"raven-post-button\" href=\"https:\/\/avantimusic.fi\/sv\/portfolio\/avanti-klubb-minna-leinonen-7\/\"><span class=\"raven-post-button-text\">INFO &amp; BILJETTER &gt;<\/span><\/a><\/div><\/div><\/div><\/div><\/div><\/div><div class=\"raven-posts-item raven-grid-item  \"><div class=\"raven-post-wrapper raven-posts-load-effect raven-post-effect-fade-in\"><div class=\"raven-post raven-post-inline raven-post-inline-left \"><div class=\"raven-post-image-wrap\"><a class=\"raven-post-image raven-image-fit\" href=\"https:\/\/avantimusic.fi\/sv\/portfolio\/avanti-klubb-raga-och-strumming-10\/\"> <img decoding=\"async\" width=\"938\" height=\"1030\" src=\"https:\/\/avantimusic.fi\/wp-content\/uploads\/2025\/07\/Tagasuki_vol2-kopio_netti-938x1030.jpg\" class=\"attachment-large size-large wp-image-19600\" alt=\"\" srcset=\"https:\/\/avantimusic.fi\/wp-content\/uploads\/2025\/07\/Tagasuki_vol2-kopio_netti-938x1030.jpg 938w, https:\/\/avantimusic.fi\/wp-content\/uploads\/2025\/07\/Tagasuki_vol2-kopio_netti-455x500.jpg 455w, https:\/\/avantimusic.fi\/wp-content\/uploads\/2025\/07\/Tagasuki_vol2-kopio_netti-768x844.jpg 768w, https:\/\/avantimusic.fi\/wp-content\/uploads\/2025\/07\/Tagasuki_vol2-kopio_netti.jpg 1200w\" sizes=\"(max-width: 938px) 100vw, 938px\" \/><span class=\"raven-post-image-overlay\"><\/span><\/a><\/div><div class=\"raven-post-content-container\"><div class=\"raven-post-content\" data-id=\"16783\"><div class=\"raven-post-meta\"><span class=\"raven-post-meta-item raven-post-categories\"><a href=\"https:\/\/avantimusic.fi\/sv\/portfolio-category\/avanti-club\/\" rel=\"tag\">Avanti Club<\/a>, <a href=\"https:\/\/avantimusic.fi\/sv\/portfolio-category\/avanti-konserter\/\" rel=\"tag\">Avanti Konserter<\/a><\/span><\/div><h3 class=\"raven-post-title\"><a class=\"raven-post-title-link\" href=\"https:\/\/avantimusic.fi\/sv\/portfolio\/avanti-klubb-raga-och-strumming-10\/\">Avanti! -klubb: sommarmusik etkot: Steve Takasugi&#8217;s Sideshow<\/a><\/h3><div class=\"raven-post-excerpt\">LA 16.5.2025 kl 18 | Avant Hall, Cable Factory<\/div><div class=\"raven-post-read-more\"><a class=\"raven-post-button\" href=\"https:\/\/avantimusic.fi\/sv\/portfolio\/avanti-klubb-raga-och-strumming-10\/\"><span class=\"raven-post-button-text\">INFO &amp; BILJETTER &gt;<\/span><\/a><\/div><\/div><\/div><\/div><\/div><\/div>\t\t\t<\/div>\n\t\t\t\t\t<\/div>\n\t\t\t\t\t\t<\/div>\n\t\t\t\t<\/div>\n\t\t\t\t\t<\/div>\n\t\t<\/div>\n\t\t\t\t\t<\/div>\n\t\t<\/section>\n\t\t\t\t<section class=\"elementor-section elementor-top-section elementor-element elementor-element-a656341 elementor-section-full_width elementor-section-content-middle elementor-section-height-default elementor-section-height-default\" data-id=\"a656341\" data-element_type=\"section\" data-e-type=\"section\" id=\"avanti\" data-settings=\"{&quot;jet_parallax_layout_list&quot;:[]}\">\n\t\t\t\t\t\t<div class=\"elementor-container elementor-column-gap-default\">\n\t\t\t\t\t<div class=\"elementor-column elementor-col-50 elementor-top-column elementor-element elementor-element-a05a744\" data-id=\"a05a744\" data-element_type=\"column\" data-e-type=\"column\">\n\t\t\t<div class=\"elementor-widget-wrap elementor-element-populated\">\n\t\t\t\t\t\t<div class=\"elementor-element elementor-element-891f4c1 elementor-widget elementor-widget-image\" data-id=\"891f4c1\" data-element_type=\"widget\" data-e-type=\"widget\" data-widget_type=\"image.default\">\n\t\t\t\t<div class=\"elementor-widget-container\">\n\t\t\t\t\t\t\t\t\t\t\t\t\t\t\t<img decoding=\"async\" width=\"2000\" height=\"1333\" src=\"https:\/\/avantimusic.fi\/wp-content\/uploads\/2025\/03\/avanti-klubi.jpg\" class=\"attachment-full size-full wp-image-14838\" alt=\"\" srcset=\"https:\/\/avantimusic.fi\/wp-content\/uploads\/2025\/03\/avanti-klubi.jpg 2000w, https:\/\/avantimusic.fi\/wp-content\/uploads\/2025\/03\/avanti-klubi-600x400.jpg 600w, https:\/\/avantimusic.fi\/wp-content\/uploads\/2025\/03\/avanti-klubi-1030x686.jpg 1030w, https:\/\/avantimusic.fi\/wp-content\/uploads\/2025\/03\/avanti-klubi-768x512.jpg 768w, https:\/\/avantimusic.fi\/wp-content\/uploads\/2025\/03\/avanti-klubi-1536x1024.jpg 1536w\" sizes=\"(max-width: 2000px) 100vw, 2000px\" \/>\t\t\t\t\t\t\t\t\t\t\t\t\t\t\t<\/div>\n\t\t\t\t<\/div>\n\t\t\t\t\t<\/div>\n\t\t<\/div>\n\t\t\t\t<div class=\"elementor-column elementor-col-50 elementor-top-column elementor-element elementor-element-80d5d77\" data-id=\"80d5d77\" data-element_type=\"column\" data-e-type=\"column\">\n\t\t\t<div class=\"elementor-widget-wrap elementor-element-populated\">\n\t\t\t\t\t\t<div class=\"elementor-element elementor-element-4f619be elementor-widget elementor-widget-heading\" data-id=\"4f619be\" data-element_type=\"widget\" data-e-type=\"widget\" data-widget_type=\"heading.default\">\n\t\t\t\t<div class=\"elementor-widget-container\">\n\t\t\t\t\t<h2 class=\"elementor-heading-title elementor-size-default\">Klubb<\/h2>\t\t\t\t<\/div>\n\t\t\t\t<\/div>\n\t\t\t\t<div class=\"elementor-element elementor-element-943ac35 elementor-widget elementor-widget-text-editor\" data-id=\"943ac35\" data-element_type=\"widget\" data-e-type=\"widget\" data-widget_type=\"text-editor.default\">\n\t\t\t\t<div class=\"elementor-widget-container\">\n\t\t\t\t\t\t\t\t\t<p>L\u00f6rdag \u00e4r en musik\u00e4lskares godisdag!<\/p>\t\t\t\t\t\t\t\t<\/div>\n\t\t\t\t<\/div>\n\t\t\t\t<div class=\"elementor-element elementor-element-4349ad4 elementor-widget elementor-widget-text-editor\" data-id=\"4349ad4\" data-element_type=\"widget\" data-e-type=\"widget\" data-widget_type=\"text-editor.default\">\n\t\t\t\t<div class=\"elementor-widget-container\">\n\t\t\t\t\t\t\t\t\t<p>I Avants klubbserie har varje kv\u00e4ll en ny designer &#8211; de ser ut som sina designers och ingen \u00e4r den andra lik.  <\/p><p>V\u00e4lj din favoritgodis eller alla i din v\u00e4ska. V\u00e4lkommen att njuta av okomplicerade och omedelbara klubbkv\u00e4llar i en atmosf\u00e4risk fabriksmilj\u00f6!<\/p>\t\t\t\t\t\t\t\t<\/div>\n\t\t\t\t<\/div>\n\t\t\t\t<div class=\"elementor-element elementor-element-2b183cb elementor-widget elementor-widget-heading\" data-id=\"2b183cb\" data-element_type=\"widget\" data-e-type=\"widget\" data-widget_type=\"heading.default\">\n\t\t\t\t<div class=\"elementor-widget-container\">\n\t\t\t\t\t<h5 class=\"elementor-heading-title elementor-size-default\">v\u00e5ren 2025<\/h5>\t\t\t\t<\/div>\n\t\t\t\t<\/div>\n\t\t\t\t<div class=\"elementor-element elementor-element-4504be1 elementor-widget elementor-widget-text-editor\" data-id=\"4504be1\" data-element_type=\"widget\" data-e-type=\"widget\" data-widget_type=\"text-editor.default\">\n\t\t\t\t<div class=\"elementor-widget-container\">\n\t\t\t\t\t\t\t\t\t<p>La 18.1.2025 feat. Hanna Hohti<br>Sat 15.2.2025 feat. Panu Savolainen<br>Sat 15.3.2025 feat. P\u00e4ivi Severeide och harpor X Paleface och Drum \u201cn\u201d Bass<br>Sat 12.4.2025 feat. Joonas Ahonen<br>Sat 17.5.2025 feat. Sebastian Fagerlund<\/p>\t\t\t\t\t\t\t\t<\/div>\n\t\t\t\t<\/div>\n\t\t\t\t\t<\/div>\n\t\t<\/div>\n\t\t\t\t\t<\/div>\n\t\t<\/section>\n\t\t\t\t<\/div>\n\t\t","protected":false},"excerpt":{"rendered":"<p>Klubb Avanti Club, Konserter, Sommarmusik Avanti! -klubb LA 28.6.2025 kl 19 | Art Factory, Borg\u00e5INFO &amp; BILJETTER &gt; Klubb L\u00f6rdag \u00e4r en musik\u00e4lskares godisdag! I Avants klubbserie har varje kv\u00e4ll en ny designer &#8211; de ser ut som sina designers och ingen \u00e4r den andra lik. V\u00e4lj din favoritgodis eller alla i din v\u00e4ska. V\u00e4lkommen [&hellip;]<\/p>\n","protected":false},"author":3,"featured_media":0,"parent":0,"menu_order":0,"comment_status":"closed","ping_status":"closed","template":"full-width.php","meta":{"_acf_changed":false,"footnotes":""},"class_list":["post-14970","page","type-page","status-publish","hentry"],"acf":[],"yoast_head":"<!-- This site is optimized with the Yoast SEO plugin v27.4 - https:\/\/yoast.com\/product\/yoast-seo-wordpress\/ -->\n<title>Avanti Club | Kammarorkestern Avanti!<\/title>\n<meta name=\"description\" content=\"Varje kv\u00e4ll i Avants klubbserie presenteras en ny designer. Kom och njut av klubbkv\u00e4llar i en st\u00e4mningsfull fabriksmilj\u00f6!\" \/>\n<meta name=\"robots\" content=\"index, follow, max-snippet:-1, max-image-preview:large, max-video-preview:-1\" \/>\n<link rel=\"canonical\" href=\"https:\/\/avantimusic.fi\/sv\/klubb\/\" \/>\n<meta property=\"og:locale\" content=\"sv_SE\" \/>\n<meta property=\"og:type\" content=\"article\" \/>\n<meta property=\"og:title\" content=\"Avanti Club | Kammarorkestern Avanti!\" \/>\n<meta property=\"og:description\" content=\"Varje kv\u00e4ll i Avants klubbserie presenteras en ny designer. Kom och njut av klubbkv\u00e4llar i en st\u00e4mningsfull fabriksmilj\u00f6!\" \/>\n<meta property=\"og:url\" content=\"https:\/\/avantimusic.fi\/sv\/klubb\/\" \/>\n<meta property=\"og:site_name\" content=\"Kamariorkesteri Avanti!\" \/>\n<meta property=\"article:modified_time\" content=\"2025-06-09T11:40:57+00:00\" \/>\n<meta property=\"og:image\" content=\"https:\/\/avantimusic.fi\/wp-content\/uploads\/2025\/03\/Suvisoitto_nettisivupohja-2560-x-1440.png\" \/>\n\t<meta property=\"og:image:width\" content=\"2560\" \/>\n\t<meta property=\"og:image:height\" content=\"1440\" \/>\n\t<meta property=\"og:image:type\" content=\"image\/png\" \/>\n<meta name=\"twitter:card\" content=\"summary_large_image\" \/>\n<meta name=\"twitter:label1\" content=\"Ber\u00e4knad l\u00e4stid\" \/>\n\t<meta name=\"twitter:data1\" content=\"1 minut\" \/>\n<script type=\"application\/ld+json\" class=\"yoast-schema-graph\">{\"@context\":\"https:\\\/\\\/schema.org\",\"@graph\":[{\"@type\":\"WebPage\",\"@id\":\"https:\\\/\\\/avantimusic.fi\\\/sv\\\/klubb\\\/\",\"url\":\"https:\\\/\\\/avantimusic.fi\\\/sv\\\/klubb\\\/\",\"name\":\"Avanti Club | Kammarorkestern Avanti!\",\"isPartOf\":{\"@id\":\"https:\\\/\\\/avantimusic.fi\\\/sv\\\/#website\"},\"primaryImageOfPage\":{\"@id\":\"https:\\\/\\\/avantimusic.fi\\\/sv\\\/klubb\\\/#primaryimage\"},\"image\":{\"@id\":\"https:\\\/\\\/avantimusic.fi\\\/sv\\\/klubb\\\/#primaryimage\"},\"thumbnailUrl\":\"https:\\\/\\\/avantimusic.fi\\\/wp-content\\\/uploads\\\/2025\\\/03\\\/Suvisoitto_nettisivupohja-2560-x-1440-1030x579.png\",\"datePublished\":\"2025-03-06T13:09:24+00:00\",\"dateModified\":\"2025-06-09T11:40:57+00:00\",\"description\":\"Varje kv\u00e4ll i Avants klubbserie presenteras en ny designer. Kom och njut av klubbkv\u00e4llar i en st\u00e4mningsfull fabriksmilj\u00f6!\",\"breadcrumb\":{\"@id\":\"https:\\\/\\\/avantimusic.fi\\\/sv\\\/klubb\\\/#breadcrumb\"},\"inLanguage\":\"sv-SE\",\"potentialAction\":[{\"@type\":\"ReadAction\",\"target\":[\"https:\\\/\\\/avantimusic.fi\\\/sv\\\/klubb\\\/\"]}]},{\"@type\":\"ImageObject\",\"inLanguage\":\"sv-SE\",\"@id\":\"https:\\\/\\\/avantimusic.fi\\\/sv\\\/klubb\\\/#primaryimage\",\"url\":\"https:\\\/\\\/avantimusic.fi\\\/wp-content\\\/uploads\\\/2025\\\/03\\\/Suvisoitto_nettisivupohja-2560-x-1440-1030x579.png\",\"contentUrl\":\"https:\\\/\\\/avantimusic.fi\\\/wp-content\\\/uploads\\\/2025\\\/03\\\/Suvisoitto_nettisivupohja-2560-x-1440-1030x579.png\"},{\"@type\":\"BreadcrumbList\",\"@id\":\"https:\\\/\\\/avantimusic.fi\\\/sv\\\/klubb\\\/#breadcrumb\",\"itemListElement\":[{\"@type\":\"ListItem\",\"position\":1,\"name\":\"Hem\",\"item\":\"https:\\\/\\\/avantimusic.fi\\\/sv\\\/\"},{\"@type\":\"ListItem\",\"position\":2,\"name\":\"Klubb\"}]},{\"@type\":\"WebSite\",\"@id\":\"https:\\\/\\\/avantimusic.fi\\\/sv\\\/#website\",\"url\":\"https:\\\/\\\/avantimusic.fi\\\/sv\\\/\",\"name\":\"Kamariorkesteri Avanti!\",\"description\":\"Virallinen sivusto\",\"potentialAction\":[{\"@type\":\"SearchAction\",\"target\":{\"@type\":\"EntryPoint\",\"urlTemplate\":\"https:\\\/\\\/avantimusic.fi\\\/sv\\\/?s={search_term_string}\"},\"query-input\":{\"@type\":\"PropertyValueSpecification\",\"valueRequired\":true,\"valueName\":\"search_term_string\"}}],\"inLanguage\":\"sv-SE\"}]}<\/script>\n<!-- \/ Yoast SEO plugin. -->","yoast_head_json":{"title":"Avanti Club | Kammarorkestern Avanti!","description":"Varje kv\u00e4ll i Avants klubbserie presenteras en ny designer. Kom och njut av klubbkv\u00e4llar i en st\u00e4mningsfull fabriksmilj\u00f6!","robots":{"index":"index","follow":"follow","max-snippet":"max-snippet:-1","max-image-preview":"max-image-preview:large","max-video-preview":"max-video-preview:-1"},"canonical":"https:\/\/avantimusic.fi\/sv\/klubb\/","og_locale":"sv_SE","og_type":"article","og_title":"Avanti Club | Kammarorkestern Avanti!","og_description":"Varje kv\u00e4ll i Avants klubbserie presenteras en ny designer. Kom och njut av klubbkv\u00e4llar i en st\u00e4mningsfull fabriksmilj\u00f6!","og_url":"https:\/\/avantimusic.fi\/sv\/klubb\/","og_site_name":"Kamariorkesteri Avanti!","article_modified_time":"2025-06-09T11:40:57+00:00","og_image":[{"width":2560,"height":1440,"url":"https:\/\/avantimusic.fi\/wp-content\/uploads\/2025\/03\/Suvisoitto_nettisivupohja-2560-x-1440.png","type":"image\/png"}],"twitter_card":"summary_large_image","twitter_misc":{"Ber\u00e4knad l\u00e4stid":"1 minut"},"schema":{"@context":"https:\/\/schema.org","@graph":[{"@type":"WebPage","@id":"https:\/\/avantimusic.fi\/sv\/klubb\/","url":"https:\/\/avantimusic.fi\/sv\/klubb\/","name":"Avanti Club | Kammarorkestern Avanti!","isPartOf":{"@id":"https:\/\/avantimusic.fi\/sv\/#website"},"primaryImageOfPage":{"@id":"https:\/\/avantimusic.fi\/sv\/klubb\/#primaryimage"},"image":{"@id":"https:\/\/avantimusic.fi\/sv\/klubb\/#primaryimage"},"thumbnailUrl":"https:\/\/avantimusic.fi\/wp-content\/uploads\/2025\/03\/Suvisoitto_nettisivupohja-2560-x-1440-1030x579.png","datePublished":"2025-03-06T13:09:24+00:00","dateModified":"2025-06-09T11:40:57+00:00","description":"Varje kv\u00e4ll i Avants klubbserie presenteras en ny designer. Kom och njut av klubbkv\u00e4llar i en st\u00e4mningsfull fabriksmilj\u00f6!","breadcrumb":{"@id":"https:\/\/avantimusic.fi\/sv\/klubb\/#breadcrumb"},"inLanguage":"sv-SE","potentialAction":[{"@type":"ReadAction","target":["https:\/\/avantimusic.fi\/sv\/klubb\/"]}]},{"@type":"ImageObject","inLanguage":"sv-SE","@id":"https:\/\/avantimusic.fi\/sv\/klubb\/#primaryimage","url":"https:\/\/avantimusic.fi\/wp-content\/uploads\/2025\/03\/Suvisoitto_nettisivupohja-2560-x-1440-1030x579.png","contentUrl":"https:\/\/avantimusic.fi\/wp-content\/uploads\/2025\/03\/Suvisoitto_nettisivupohja-2560-x-1440-1030x579.png"},{"@type":"BreadcrumbList","@id":"https:\/\/avantimusic.fi\/sv\/klubb\/#breadcrumb","itemListElement":[{"@type":"ListItem","position":1,"name":"Hem","item":"https:\/\/avantimusic.fi\/sv\/"},{"@type":"ListItem","position":2,"name":"Klubb"}]},{"@type":"WebSite","@id":"https:\/\/avantimusic.fi\/sv\/#website","url":"https:\/\/avantimusic.fi\/sv\/","name":"Kamariorkesteri Avanti!","description":"Virallinen sivusto","potentialAction":[{"@type":"SearchAction","target":{"@type":"EntryPoint","urlTemplate":"https:\/\/avantimusic.fi\/sv\/?s={search_term_string}"},"query-input":{"@type":"PropertyValueSpecification","valueRequired":true,"valueName":"search_term_string"}}],"inLanguage":"sv-SE"}]}},"publishpress_future_action":{"enabled":false,"date":"2026-04-23 04:00:55","action":"change-status","newStatus":"draft","terms":[],"taxonomy":"translation_priority","extraData":[]},"publishpress_future_workflow_manual_trigger":{"enabledWorkflows":[]},"_links":{"self":[{"href":"https:\/\/avantimusic.fi\/sv\/wp-json\/wp\/v2\/pages\/14970","targetHints":{"allow":["GET"]}}],"collection":[{"href":"https:\/\/avantimusic.fi\/sv\/wp-json\/wp\/v2\/pages"}],"about":[{"href":"https:\/\/avantimusic.fi\/sv\/wp-json\/wp\/v2\/types\/page"}],"author":[{"embeddable":true,"href":"https:\/\/avantimusic.fi\/sv\/wp-json\/wp\/v2\/users\/3"}],"replies":[{"embeddable":true,"href":"https:\/\/avantimusic.fi\/sv\/wp-json\/wp\/v2\/comments?post=14970"}],"version-history":[{"count":5,"href":"https:\/\/avantimusic.fi\/sv\/wp-json\/wp\/v2\/pages\/14970\/revisions"}],"predecessor-version":[{"id":15826,"href":"https:\/\/avantimusic.fi\/sv\/wp-json\/wp\/v2\/pages\/14970\/revisions\/15826"}],"wp:attachment":[{"href":"https:\/\/avantimusic.fi\/sv\/wp-json\/wp\/v2\/media?parent=14970"}],"curies":[{"name":"wp","href":"https:\/\/api.w.org\/{rel}","templated":true}]}}