{"id":15016,"date":"2025-03-14T13:00:56","date_gmt":"2025-03-14T11:00:56","guid":{"rendered":"https:\/\/avantimusic.fi\/newsletter\/"},"modified":"2025-09-04T09:50:16","modified_gmt":"2025-09-04T06:50:16","slug":"newsletter","status":"publish","type":"page","link":"https:\/\/avantimusic.fi\/en\/newsletter\/","title":{"rendered":"Newsletter"},"content":{"rendered":"\t\t<div data-elementor-type=\"wp-page\" data-elementor-id=\"15016\" class=\"elementor elementor-15016 elementor-12672\" data-elementor-post-type=\"page\">\n\t\t\t\t\t\t<section class=\"elementor-section elementor-top-section elementor-element elementor-element-6c4fabf elementor-section-full_width elementor-section-height-min-height elementor-section-height-default elementor-section-items-middle\" data-id=\"6c4fabf\" data-element_type=\"section\" data-e-type=\"section\" data-settings=\"{&quot;background_background&quot;:&quot;classic&quot;,&quot;jet_parallax_layout_list&quot;:[]}\">\n\t\t\t\t\t\t<div class=\"elementor-container elementor-column-gap-default\">\n\t\t\t\t\t<div class=\"elementor-column elementor-col-100 elementor-top-column elementor-element elementor-element-8c4110a\" data-id=\"8c4110a\" data-element_type=\"column\" data-e-type=\"column\" data-settings=\"{&quot;background_background&quot;:&quot;classic&quot;}\">\n\t\t\t<div class=\"elementor-widget-wrap elementor-element-populated\">\n\t\t\t\t\t\t<div class=\"elementor-element elementor-element-1dae6d6 elementor-widget elementor-widget-heading\" data-id=\"1dae6d6\" data-element_type=\"widget\" data-e-type=\"widget\" data-widget_type=\"heading.default\">\n\t\t\t\t<div class=\"elementor-widget-container\">\n\t\t\t\t\t<h1 class=\"elementor-heading-title elementor-size-default\">Get Newsletter<\/h1>\t\t\t\t<\/div>\n\t\t\t\t<\/div>\n\t\t\t\t\t<\/div>\n\t\t<\/div>\n\t\t\t\t\t<\/div>\n\t\t<\/section>\n\t\t\t\t<section class=\"elementor-section elementor-top-section elementor-element elementor-element-1807cfd elementor-section-boxed elementor-section-height-default elementor-section-height-default\" data-id=\"1807cfd\" data-element_type=\"section\" data-e-type=\"section\" data-settings=\"{&quot;jet_parallax_layout_list&quot;:[]}\">\n\t\t\t\t\t\t<div class=\"elementor-container elementor-column-gap-default\">\n\t\t\t\t\t<div class=\"elementor-column elementor-col-100 elementor-top-column elementor-element elementor-element-deb7f8e\" data-id=\"deb7f8e\" data-element_type=\"column\" data-e-type=\"column\">\n\t\t\t<div class=\"elementor-widget-wrap elementor-element-populated\">\n\t\t\t\t\t\t<div class=\"elementor-element elementor-element-8067ef6 elementor-widget elementor-widget-contact-form-7\" data-id=\"8067ef6\" data-element_type=\"widget\" data-e-type=\"widget\" data-widget_type=\"contact-form-7.default\">\n\t\t\t\t<div class=\"elementor-widget-container\">\n\t\t\t\t\t<div class=\"elementor-contact-form-7 jet-elements\">\n<div class=\"wpcf7 no-js\" id=\"wpcf7-f15453-o1\" lang=\"en-US\" dir=\"ltr\" data-wpcf7-id=\"15453\">\n<div class=\"screen-reader-response\"><p role=\"status\" aria-live=\"polite\" aria-atomic=\"true\"><\/p> <ul><\/ul><\/div>\n<form action=\"\/en\/wp-json\/wp\/v2\/pages\/15016#wpcf7-f15453-o1\" method=\"post\" class=\"wpcf7-form init\" aria-label=\"Contact form\" novalidate=\"novalidate\" data-status=\"init\">\n<fieldset class=\"hidden-fields-container\"><input type=\"hidden\" name=\"_wpcf7\" value=\"15453\" \/><input type=\"hidden\" name=\"_wpcf7_version\" value=\"6.1.5\" \/><input type=\"hidden\" name=\"_wpcf7_locale\" value=\"en_US\" \/><input type=\"hidden\" name=\"_wpcf7_unit_tag\" value=\"wpcf7-f15453-o1\" \/><input type=\"hidden\" name=\"_wpcf7_container_post\" value=\"0\" \/><input type=\"hidden\" name=\"_wpcf7_posted_data_hash\" value=\"\" \/>\n<\/fieldset>\n<p><label> Name<br \/>\n<span class=\"wpcf7-form-control-wrap\" data-name=\"your-name\"><input size=\"40\" maxlength=\"400\" class=\"wpcf7-form-control wpcf7-text wpcf7-validates-as-required\" autocomplete=\"name\" aria-required=\"true\" aria-invalid=\"false\" value=\"\" type=\"text\" name=\"your-name\" \/><\/span> <\/label>\n<\/p>\n<p><label> Email<br \/>\n<span class=\"wpcf7-form-control-wrap\" data-name=\"your-email\"><input size=\"40\" maxlength=\"400\" class=\"wpcf7-form-control wpcf7-email wpcf7-validates-as-required wpcf7-text wpcf7-validates-as-email\" autocomplete=\"email\" aria-required=\"true\" aria-invalid=\"false\" value=\"\" type=\"email\" name=\"your-email\" \/><\/span> <\/label>\n<\/p>\n<p><span class=\"wpcf7-form-control-wrap\" data-name=\"acceptance-476\"><span class=\"wpcf7-form-control wpcf7-acceptance\"><span class=\"wpcf7-list-item\"><label><input type=\"checkbox\" name=\"acceptance-476\" value=\"1\" aria-invalid=\"false\" \/><span class=\"wpcf7-list-item-label\">Avanti may send me information about concerts (obligatory).<\/span><\/label><\/span><\/span><\/span>\n<\/p>\n<p><input class=\"wpcf7-form-control wpcf7-submit has-spinner\" type=\"submit\" value=\"Subscribe at\" \/>\n<\/p><p style=\"display: none !important;\" class=\"akismet-fields-container\" data-prefix=\"_wpcf7_ak_\"><label>&#916;<textarea name=\"_wpcf7_ak_hp_textarea\" cols=\"45\" rows=\"8\" maxlength=\"100\"><\/textarea><\/label><input type=\"hidden\" id=\"ak_js_1\" name=\"_wpcf7_ak_js\" value=\"15\"\/><script>document.getElementById( \"ak_js_1\" ).setAttribute( \"value\", ( new Date() ).getTime() );<\/script><\/p><div class=\"wpcf7-response-output\" aria-hidden=\"true\"><\/div>\n<\/form>\n<\/div>\n<\/div>\t\t\t\t<\/div>\n\t\t\t\t<\/div>\n\t\t\t\t\t<\/div>\n\t\t<\/div>\n\t\t\t\t\t<\/div>\n\t\t<\/section>\n\t\t\t\t<\/div>\n\t\t","protected":false},"excerpt":{"rendered":"<p>Get Newsletter Nimi S\u00e4hk\u00f6posti Avanti saa l\u00e4hett\u00e4\u00e4 minulle tietoa konserteista (pakollinen). &#916;<\/p>\n","protected":false},"author":3,"featured_media":0,"parent":0,"menu_order":0,"comment_status":"closed","ping_status":"closed","template":"full-width.php","meta":{"_acf_changed":false,"footnotes":""},"class_list":["post-15016","page","type-page","status-publish","hentry"],"acf":[],"yoast_head":"<!-- This site is optimized with the Yoast SEO plugin v27.3 - https:\/\/yoast.com\/product\/yoast-seo-wordpress\/ -->\n<title>Subscribe to our newsletter | Chamber Orchestra Avanti!<\/title>\n<meta name=\"description\" content=\"Subscribe to our free newsletter and be the first to know about upcoming concerts and events.\" \/>\n<meta name=\"robots\" content=\"index, follow, max-snippet:-1, max-image-preview:large, max-video-preview:-1\" \/>\n<link rel=\"canonical\" href=\"https:\/\/avantimusic.fi\/en\/newsletter\/\" \/>\n<meta property=\"og:locale\" content=\"en_US\" \/>\n<meta property=\"og:type\" content=\"article\" \/>\n<meta property=\"og:title\" content=\"Subscribe to our newsletter | Chamber Orchestra Avanti!\" \/>\n<meta property=\"og:description\" content=\"Subscribe to our free newsletter and be the first to know about upcoming concerts and events.\" \/>\n<meta property=\"og:url\" content=\"https:\/\/avantimusic.fi\/en\/newsletter\/\" \/>\n<meta property=\"og:site_name\" content=\"Kamariorkesteri Avanti!\" \/>\n<meta property=\"article:modified_time\" content=\"2025-09-04T06:50:16+00:00\" \/>\n<meta property=\"og:image\" content=\"https:\/\/avantimusic.fi\/wp-content\/uploads\/2019\/08\/AVANTIcolor90.jpg\" \/>\n\t<meta property=\"og:image:width\" content=\"1920\" \/>\n\t<meta property=\"og:image:height\" content=\"1047\" \/>\n\t<meta property=\"og:image:type\" content=\"image\/jpeg\" \/>\n<meta name=\"twitter:card\" content=\"summary_large_image\" \/>\n<script type=\"application\/ld+json\" class=\"yoast-schema-graph\">{\"@context\":\"https:\\\/\\\/schema.org\",\"@graph\":[{\"@type\":\"WebPage\",\"@id\":\"https:\\\/\\\/avantimusic.fi\\\/en\\\/newsletter\\\/\",\"url\":\"https:\\\/\\\/avantimusic.fi\\\/en\\\/newsletter\\\/\",\"name\":\"Subscribe to our newsletter | Chamber Orchestra Avanti!\",\"isPartOf\":{\"@id\":\"https:\\\/\\\/avantimusic.fi\\\/en\\\/#website\"},\"datePublished\":\"2025-03-14T11:00:56+00:00\",\"dateModified\":\"2025-09-04T06:50:16+00:00\",\"description\":\"Subscribe to our free newsletter and be the first to know about upcoming concerts and events.\",\"breadcrumb\":{\"@id\":\"https:\\\/\\\/avantimusic.fi\\\/en\\\/newsletter\\\/#breadcrumb\"},\"inLanguage\":\"en-US\",\"potentialAction\":[{\"@type\":\"ReadAction\",\"target\":[\"https:\\\/\\\/avantimusic.fi\\\/en\\\/newsletter\\\/\"]}]},{\"@type\":\"BreadcrumbList\",\"@id\":\"https:\\\/\\\/avantimusic.fi\\\/en\\\/newsletter\\\/#breadcrumb\",\"itemListElement\":[{\"@type\":\"ListItem\",\"position\":1,\"name\":\"Home\",\"item\":\"https:\\\/\\\/avantimusic.fi\\\/en\\\/\"},{\"@type\":\"ListItem\",\"position\":2,\"name\":\"Newsletter\"}]},{\"@type\":\"WebSite\",\"@id\":\"https:\\\/\\\/avantimusic.fi\\\/en\\\/#website\",\"url\":\"https:\\\/\\\/avantimusic.fi\\\/en\\\/\",\"name\":\"Kamariorkesteri Avanti!\",\"description\":\"Virallinen sivusto\",\"potentialAction\":[{\"@type\":\"SearchAction\",\"target\":{\"@type\":\"EntryPoint\",\"urlTemplate\":\"https:\\\/\\\/avantimusic.fi\\\/en\\\/?s={search_term_string}\"},\"query-input\":{\"@type\":\"PropertyValueSpecification\",\"valueRequired\":true,\"valueName\":\"search_term_string\"}}],\"inLanguage\":\"en-US\"}]}<\/script>\n<!-- \/ Yoast SEO plugin. -->","yoast_head_json":{"title":"Subscribe to our newsletter | Chamber Orchestra Avanti!","description":"Subscribe to our free newsletter and be the first to know about upcoming concerts and events.","robots":{"index":"index","follow":"follow","max-snippet":"max-snippet:-1","max-image-preview":"max-image-preview:large","max-video-preview":"max-video-preview:-1"},"canonical":"https:\/\/avantimusic.fi\/en\/newsletter\/","og_locale":"en_US","og_type":"article","og_title":"Subscribe to our newsletter | Chamber Orchestra Avanti!","og_description":"Subscribe to our free newsletter and be the first to know about upcoming concerts and events.","og_url":"https:\/\/avantimusic.fi\/en\/newsletter\/","og_site_name":"Kamariorkesteri Avanti!","article_modified_time":"2025-09-04T06:50:16+00:00","og_image":[{"width":1920,"height":1047,"url":"https:\/\/avantimusic.fi\/wp-content\/uploads\/2019\/08\/AVANTIcolor90.jpg","type":"image\/jpeg"}],"twitter_card":"summary_large_image","schema":{"@context":"https:\/\/schema.org","@graph":[{"@type":"WebPage","@id":"https:\/\/avantimusic.fi\/en\/newsletter\/","url":"https:\/\/avantimusic.fi\/en\/newsletter\/","name":"Subscribe to our newsletter | Chamber Orchestra Avanti!","isPartOf":{"@id":"https:\/\/avantimusic.fi\/en\/#website"},"datePublished":"2025-03-14T11:00:56+00:00","dateModified":"2025-09-04T06:50:16+00:00","description":"Subscribe to our free newsletter and be the first to know about upcoming concerts and events.","breadcrumb":{"@id":"https:\/\/avantimusic.fi\/en\/newsletter\/#breadcrumb"},"inLanguage":"en-US","potentialAction":[{"@type":"ReadAction","target":["https:\/\/avantimusic.fi\/en\/newsletter\/"]}]},{"@type":"BreadcrumbList","@id":"https:\/\/avantimusic.fi\/en\/newsletter\/#breadcrumb","itemListElement":[{"@type":"ListItem","position":1,"name":"Home","item":"https:\/\/avantimusic.fi\/en\/"},{"@type":"ListItem","position":2,"name":"Newsletter"}]},{"@type":"WebSite","@id":"https:\/\/avantimusic.fi\/en\/#website","url":"https:\/\/avantimusic.fi\/en\/","name":"Kamariorkesteri Avanti!","description":"Virallinen sivusto","potentialAction":[{"@type":"SearchAction","target":{"@type":"EntryPoint","urlTemplate":"https:\/\/avantimusic.fi\/en\/?s={search_term_string}"},"query-input":{"@type":"PropertyValueSpecification","valueRequired":true,"valueName":"search_term_string"}}],"inLanguage":"en-US"}]}},"publishpress_future_action":{"enabled":false,"date":"2026-04-21 13:46:24","action":"change-status","newStatus":"draft","terms":[],"taxonomy":"translation_priority","extraData":[]},"publishpress_future_workflow_manual_trigger":{"enabledWorkflows":[]},"_links":{"self":[{"href":"https:\/\/avantimusic.fi\/en\/wp-json\/wp\/v2\/pages\/15016","targetHints":{"allow":["GET"]}}],"collection":[{"href":"https:\/\/avantimusic.fi\/en\/wp-json\/wp\/v2\/pages"}],"about":[{"href":"https:\/\/avantimusic.fi\/en\/wp-json\/wp\/v2\/types\/page"}],"author":[{"embeddable":true,"href":"https:\/\/avantimusic.fi\/en\/wp-json\/wp\/v2\/users\/3"}],"replies":[{"embeddable":true,"href":"https:\/\/avantimusic.fi\/en\/wp-json\/wp\/v2\/comments?post=15016"}],"version-history":[{"count":4,"href":"https:\/\/avantimusic.fi\/en\/wp-json\/wp\/v2\/pages\/15016\/revisions"}],"predecessor-version":[{"id":17871,"href":"https:\/\/avantimusic.fi\/en\/wp-json\/wp\/v2\/pages\/15016\/revisions\/17871"}],"wp:attachment":[{"href":"https:\/\/avantimusic.fi\/en\/wp-json\/wp\/v2\/media?parent=15016"}],"curies":[{"name":"wp","href":"https:\/\/api.w.org\/{rel}","templated":true}]}}